{"id":143,"date":"2016-01-20T16:21:47","date_gmt":"2016-01-20T15:21:47","guid":{"rendered":"http:\/\/cognosis.hosterspace.com\/?page_id=143"},"modified":"2020-01-30T14:40:17","modified_gmt":"2020-01-30T13:40:17","slug":"varfor-valja-cognosis","status":"publish","type":"page","link":"https:\/\/cognosis.se\/en\/om-oss\/varfor-valja-cognosis\/","title":{"rendered":"Varf\u00f6r v\u00e4lja Cognosis"},"content":{"rendered":"<h1>Varf\u00f6r v\u00e4lja oss<\/h1>\n<p>F\u00f6r att utbilda, coacha, ge personlig feedback och riktigt verklighetsbaserad utbildning, kr\u00e4vs det att man dels har erfarenhet fr\u00e5n n\u00e4ringslivet, dels kan designa utbildningsprogram, och sist men inte minst &#8211; har genomf\u00f6rt kvalificerad utbildning p\u00e5 internationell niv\u00e5 under en l\u00e4ngre tid. Har visat vad man kan. Det har vi. All denna erfarenhet f\u00e5r du och ditt f\u00f6retag del av n\u00e4r du v\u00e4ljer oss som utbildningspartner. Best practice och best fit.<\/p>\n<h3>Ditt behov &#8211; v\u00e5r sj\u00e4lvklara utg\u00e5ngspunkt<\/h3>\n<p>Som chef, kundansvarig, konsult, projektledare, ink\u00f6pare eller utvecklare deltar du i m\u00f6ten, presenterar f\u00f6rslag, siffror och resultat. Du har interna beslutsm\u00f6ten. Du f\u00f6rhandlar l\u00f6n och anst\u00e4llningsvillkor. Du ska leda och inspirera dina medarbetare. Du ska kunna l\u00f6sa konflikter. Oavsett om du ska genomf\u00f6ra externa m\u00f6ten med kunder, leverant\u00f6rer eller interna m\u00f6ten f\u00f6rv\u00e4ntas du n\u00e5 resultat. I alla dessa situationer f\u00f6rv\u00e4ntas du ocks\u00e5 vara s\u00e4ker, tydlig och professionell. Cognosis erbjuder dig effektiva utbildningar som hj\u00e4lper dig att uppn\u00e5 dina och ditt f\u00f6retags m\u00e5l.<\/p>\n<h3>Konkreta verktyg<\/h3>\n<p>Vi p\u00e5 Cognosis ger dig konkreta verktyg och realistisk tr\u00e4ning som g\u00f6r att du utvecklar din f\u00f6rm\u00e5ga att kommunicera effektivt. Cognosis har en v\u00e4l genomt\u00e4nkt metodik d\u00e4r teori varvas med konstruktiv tr\u00e4ning. Realistiska \u00f6vningar g\u00f6r att du effektivt kan oms\u00e4tta det du l\u00e4r dig p\u00e5 utbildningen. Vi har ocks\u00e5 en gedigen erfarenhet fr\u00e5n svenskt n\u00e4ringsliv s\u00e5v\u00e4l som internationell kompetens. Vi vet hur man g\u00f6r aff\u00e4rer i olika kulturer och kan internationell \u201dbusiness code\u201d. V\u00e5ra konstruktiva och kreativa utbildningar ger framf\u00f6r allt resultat.<\/p>\n<h3>Effektiv utbildningsmetodik<\/h3>\n<p>Vi \u00e4r k\u00e4nda f\u00f6r en bred och djup kompetens inom v\u00e5ra omr\u00e5den, ett h\u00f6gt tempo och en mycket effektiv, verklighetsbaserad metodik. V\u00e5ra tr\u00e4nare har akademisk grundutbildning och erfarenhet fr\u00e5n n\u00e4ringslivet. De har dokumenterad pedagogisk skicklighet och \u00e4r utvalda bland de b\u00e4sta inom sina omr\u00e5den. De har s\u00e5v\u00e4l kunskap om svenskt som internationellt n\u00e4ringsliv.<\/p>\n<h3>Gedigen kompetens<\/h3>\n<p>Cognosis grundades 1993. Vi har utbildat 1000-tals chefer, kundansvariga, projektledare, ink\u00f6pare och andra nyckelmedarbetare med v\u00e4ldokumenterat goda resultat. Vi anses som en kompetent, stabil och v\u00e4lrenommerad utbildningspartner.<\/p>\n","protected":false},"excerpt":{"rendered":"Varf\u00f6r v\u00e4lja oss F\u00f6r att utbilda, coacha, ge personlig feedback och riktigt verklighetsbaserad utbildning, kr\u00e4vs det att man dels har erfarenhet fr\u00e5n n\u00e4ringslivet, dels kan designa utbildningsprogram, och sist men inte minst &#8211; har genomf\u00f6rt kvalificerad utbildning p\u00e5 internationell niv\u00e5 under en l\u00e4ngre tid. Har visat vad man kan. Det har vi. All denna erfarenhet [&hellip;]","protected":false},"author":4,"featured_media":2419,"parent":62,"menu_order":0,"comment_status":"closed","ping_status":"closed","template":"template-undersida.php","meta":{"_acf_changed":false,"inline_featured_image":false,"_glsr_average":0,"_glsr_ranking":0,"_glsr_reviews":0,"footnotes":""},"class_list":["post-143","page","type-page","status-publish","has-post-thumbnail","hentry"],"translation":{"provider":"WPGlobus","version":"3.0.2","language":"en","enabled_languages":["sv","en"],"languages":{"sv":{"title":true,"content":true,"excerpt":false},"en":{"title":false,"content":false,"excerpt":false}}},"acf":[],"yoast_head":"<!-- This site is optimized with the Yoast SEO plugin v27.2 - https:\/\/yoast.com\/product\/yoast-seo-wordpress\/ -->\n<title>Varf\u00f6r v\u00e4lja Cognosis - Cognosis<\/title>\n<meta name=\"robots\" content=\"index, follow, max-snippet:-1, max-image-preview:large, max-video-preview:-1\" \/>\n<link rel=\"canonical\" href=\"https:\/\/cognosis.se\/om-oss\/varfor-valja-cognosis\/\" \/>\n<meta property=\"og:locale\" content=\"en_US\" \/>\n<meta property=\"og:type\" content=\"article\" \/>\n<meta property=\"og:title\" content=\"Varf\u00f6r v\u00e4lja Cognosis - Cognosis\" \/>\n<meta property=\"og:url\" content=\"https:\/\/cognosis.se\/om-oss\/varfor-valja-cognosis\/\" \/>\n<meta property=\"og:site_name\" content=\"Cognosis\" \/>\n<meta property=\"article:modified_time\" content=\"2020-01-30T13:40:17+00:00\" \/>\n<meta property=\"og:image\" content=\"https:\/\/cognosis.se\/wp-content\/uploads\/2016\/01\/28-jan-2020-aktuell.jpg\" \/>\n\t<meta property=\"og:image:width\" content=\"1800\" \/>\n\t<meta property=\"og:image:height\" content=\"450\" \/>\n\t<meta property=\"og:image:type\" content=\"image\/jpeg\" \/>\n<meta name=\"twitter:card\" content=\"summary_large_image\" \/>\n<meta name=\"twitter:label1\" content=\"Est. reading time\" \/>\n\t<meta name=\"twitter:data1\" content=\"2 minutes\" \/>\n<script type=\"application\/ld+json\" class=\"yoast-schema-graph\">{\"@context\":\"https:\/\/schema.org\",\"@graph\":[{\"@type\":\"WebPage\",\"@id\":\"https:\/\/cognosis.se\/om-oss\/varfor-valja-cognosis\/\",\"url\":\"https:\/\/cognosis.se\/om-oss\/varfor-valja-cognosis\/\",\"name\":\"Varf\u00f6r v\u00e4lja Cognosis - Cognosis\",\"isPartOf\":{\"@id\":\"https:\/\/cognosis.se\/#website\"},\"primaryImageOfPage\":{\"@id\":\"https:\/\/cognosis.se\/om-oss\/varfor-valja-cognosis\/#primaryimage\"},\"image\":{\"@id\":\"https:\/\/cognosis.se\/om-oss\/varfor-valja-cognosis\/#primaryimage\"},\"thumbnailUrl\":\"https:\/\/cognosis.se\/wp-content\/uploads\/2016\/01\/28-jan-2020-aktuell.jpg\",\"datePublished\":\"2016-01-20T15:21:47+00:00\",\"dateModified\":\"2020-01-30T13:40:17+00:00\",\"description\":\"Varf\u00f6r v\u00e4lja oss F\u00f6r att utbilda, coacha, ge personlig feedback och riktigt verklighetsbaserad utbildning, kr\u00e4vs det att man dels har erfarenhet fr\u00e5n\",\"breadcrumb\":{\"@id\":\"https:\/\/cognosis.se\/om-oss\/varfor-valja-cognosis\/#breadcrumb\"},\"inLanguage\":\"en-US\",\"potentialAction\":[{\"@type\":\"ReadAction\",\"target\":[\"https:\/\/cognosis.se\/om-oss\/varfor-valja-cognosis\/\"]}]},{\"@type\":\"ImageObject\",\"inLanguage\":\"en-US\",\"@id\":\"https:\/\/cognosis.se\/om-oss\/varfor-valja-cognosis\/#primaryimage\",\"url\":\"https:\/\/cognosis.se\/wp-content\/uploads\/2016\/01\/28-jan-2020-aktuell.jpg\",\"contentUrl\":\"https:\/\/cognosis.se\/wp-content\/uploads\/2016\/01\/28-jan-2020-aktuell.jpg\",\"width\":1800,\"height\":450},{\"@type\":\"BreadcrumbList\",\"@id\":\"https:\/\/cognosis.se\/om-oss\/varfor-valja-cognosis\/#breadcrumb\",\"itemListElement\":[{\"@type\":\"ListItem\",\"position\":1,\"name\":\"Hem\",\"item\":\"https:\/\/cognosis.se\/\"},{\"@type\":\"ListItem\",\"position\":2,\"name\":\"Om oss\",\"item\":\"https:\/\/cognosis.se\/om-oss\/\"},{\"@type\":\"ListItem\",\"position\":3,\"name\":\"Varf\u00f6r v\u00e4lja Cognosis\"}]},{\"@type\":\"WebSite\",\"@id\":\"https:\/\/cognosis.se\/#website\",\"url\":\"https:\/\/cognosis.se\/\",\"name\":\"Cognosis\",\"description\":\"Communication skills training\",\"publisher\":{\"@id\":\"https:\/\/cognosis.se\/#organization\"},\"potentialAction\":[{\"@type\":\"SearchAction\",\"target\":{\"@type\":\"EntryPoint\",\"urlTemplate\":\"https:\/\/cognosis.se\/?s={search_term_string}\"},\"query-input\":{\"@type\":\"PropertyValueSpecification\",\"valueRequired\":true,\"valueName\":\"search_term_string\"}}],\"inLanguage\":\"en-US\"},{\"@type\":\"Organization\",\"@id\":\"https:\/\/cognosis.se\/#organization\",\"name\":\"Cognosis AB\",\"url\":\"https:\/\/cognosis.se\/\",\"logo\":{\"@type\":\"ImageObject\",\"inLanguage\":\"en-US\",\"@id\":\"https:\/\/cognosis.se\/#\/schema\/logo\/image\/\",\"url\":\"https:\/\/cognosis.se\/wp-content\/uploads\/2016\/01\/Cognosis-vertikal-logo-blaa-sidfot.png\",\"contentUrl\":\"https:\/\/cognosis.se\/wp-content\/uploads\/2016\/01\/Cognosis-vertikal-logo-blaa-sidfot.png\",\"width\":149,\"height\":33,\"caption\":\"Cognosis AB\"},\"image\":{\"@id\":\"https:\/\/cognosis.se\/#\/schema\/logo\/image\/\"}}]}<\/script>\n<!-- \/ Yoast SEO plugin. -->","yoast_head_json":{"title":"Varf\u00f6r v\u00e4lja Cognosis - Cognosis","robots":{"index":"index","follow":"follow","max-snippet":"max-snippet:-1","max-image-preview":"max-image-preview:large","max-video-preview":"max-video-preview:-1"},"canonical":"https:\/\/cognosis.se\/om-oss\/varfor-valja-cognosis\/","og_locale":"en_US","og_type":"article","og_title":"Varf\u00f6r v\u00e4lja Cognosis - Cognosis","og_url":"https:\/\/cognosis.se\/om-oss\/varfor-valja-cognosis\/","og_site_name":"Cognosis","article_modified_time":"2020-01-30T13:40:17+00:00","og_image":[{"width":1800,"height":450,"url":"https:\/\/cognosis.se\/wp-content\/uploads\/2016\/01\/28-jan-2020-aktuell.jpg","type":"image\/jpeg"}],"twitter_card":"summary_large_image","twitter_misc":{"Est. reading time":"2 minutes"},"schema":{"@context":"https:\/\/schema.org","@graph":[{"@type":"WebPage","@id":"https:\/\/cognosis.se\/om-oss\/varfor-valja-cognosis\/","url":"https:\/\/cognosis.se\/om-oss\/varfor-valja-cognosis\/","name":"Varf\u00f6r v\u00e4lja Cognosis - Cognosis","isPartOf":{"@id":"https:\/\/cognosis.se\/#website"},"primaryImageOfPage":{"@id":"https:\/\/cognosis.se\/om-oss\/varfor-valja-cognosis\/#primaryimage"},"image":{"@id":"https:\/\/cognosis.se\/om-oss\/varfor-valja-cognosis\/#primaryimage"},"thumbnailUrl":"https:\/\/cognosis.se\/wp-content\/uploads\/2016\/01\/28-jan-2020-aktuell.jpg","datePublished":"2016-01-20T15:21:47+00:00","dateModified":"2020-01-30T13:40:17+00:00","description":"Varf\u00f6r v\u00e4lja oss F\u00f6r att utbilda, coacha, ge personlig feedback och riktigt verklighetsbaserad utbildning, kr\u00e4vs det att man dels har erfarenhet fr\u00e5n","breadcrumb":{"@id":"https:\/\/cognosis.se\/om-oss\/varfor-valja-cognosis\/#breadcrumb"},"inLanguage":"en-US","potentialAction":[{"@type":"ReadAction","target":["https:\/\/cognosis.se\/om-oss\/varfor-valja-cognosis\/"]}]},{"@type":"ImageObject","inLanguage":"en-US","@id":"https:\/\/cognosis.se\/om-oss\/varfor-valja-cognosis\/#primaryimage","url":"https:\/\/cognosis.se\/wp-content\/uploads\/2016\/01\/28-jan-2020-aktuell.jpg","contentUrl":"https:\/\/cognosis.se\/wp-content\/uploads\/2016\/01\/28-jan-2020-aktuell.jpg","width":1800,"height":450},{"@type":"BreadcrumbList","@id":"https:\/\/cognosis.se\/om-oss\/varfor-valja-cognosis\/#breadcrumb","itemListElement":[{"@type":"ListItem","position":1,"name":"Hem","item":"https:\/\/cognosis.se\/"},{"@type":"ListItem","position":2,"name":"Om oss","item":"https:\/\/cognosis.se\/om-oss\/"},{"@type":"ListItem","position":3,"name":"Varf\u00f6r v\u00e4lja Cognosis"}]},{"@type":"WebSite","@id":"https:\/\/cognosis.se\/#website","url":"https:\/\/cognosis.se\/","name":"Cognosis","description":"Communication skills training","publisher":{"@id":"https:\/\/cognosis.se\/#organization"},"potentialAction":[{"@type":"SearchAction","target":{"@type":"EntryPoint","urlTemplate":"https:\/\/cognosis.se\/?s={search_term_string}"},"query-input":{"@type":"PropertyValueSpecification","valueRequired":true,"valueName":"search_term_string"}}],"inLanguage":"en-US"},{"@type":"Organization","@id":"https:\/\/cognosis.se\/#organization","name":"Cognosis AB","url":"https:\/\/cognosis.se\/","logo":{"@type":"ImageObject","inLanguage":"en-US","@id":"https:\/\/cognosis.se\/#\/schema\/logo\/image\/","url":"https:\/\/cognosis.se\/wp-content\/uploads\/2016\/01\/Cognosis-vertikal-logo-blaa-sidfot.png","contentUrl":"https:\/\/cognosis.se\/wp-content\/uploads\/2016\/01\/Cognosis-vertikal-logo-blaa-sidfot.png","width":149,"height":33,"caption":"Cognosis AB"},"image":{"@id":"https:\/\/cognosis.se\/#\/schema\/logo\/image\/"}}]}},"_links":{"self":[{"href":"https:\/\/cognosis.se\/en\/wp-json\/wp\/v2\/pages\/143","targetHints":{"allow":["GET"]}}],"collection":[{"href":"https:\/\/cognosis.se\/en\/wp-json\/wp\/v2\/pages"}],"about":[{"href":"https:\/\/cognosis.se\/en\/wp-json\/wp\/v2\/types\/page"}],"author":[{"embeddable":true,"href":"https:\/\/cognosis.se\/en\/wp-json\/wp\/v2\/users\/4"}],"replies":[{"embeddable":true,"href":"https:\/\/cognosis.se\/en\/wp-json\/wp\/v2\/comments?post=143"}],"version-history":[{"count":6,"href":"https:\/\/cognosis.se\/en\/wp-json\/wp\/v2\/pages\/143\/revisions"}],"predecessor-version":[{"id":4373,"href":"https:\/\/cognosis.se\/en\/wp-json\/wp\/v2\/pages\/143\/revisions\/4373"}],"up":[{"embeddable":true,"href":"https:\/\/cognosis.se\/en\/wp-json\/wp\/v2\/pages\/62"}],"wp:featuredmedia":[{"embeddable":true,"href":"https:\/\/cognosis.se\/en\/wp-json\/wp\/v2\/media\/2419"}],"wp:attachment":[{"href":"https:\/\/cognosis.se\/en\/wp-json\/wp\/v2\/media?parent=143"}],"curies":[{"name":"wp","href":"https:\/\/api.w.org\/{rel}","templated":true}]}}