{"id":1556,"date":"2018-05-22T13:21:24","date_gmt":"2018-05-22T11:21:24","guid":{"rendered":"https:\/\/cognosis.se\/?page_id=1556"},"modified":"2020-01-31T09:48:30","modified_gmt":"2020-01-31T08:48:30","slug":"personuppgiftspolicy","status":"publish","type":"page","link":"https:\/\/cognosis.se\/en\/om-oss\/personuppgiftspolicy\/","title":{"rendered":"Personuppgiftspolicy"},"content":{"rendered":"<h2 style=\"text-align: center;\"><u>Cognosis Communication Skills Training AB\u00b4s\u00a0 (CCST)<br \/>\npolicy f\u00f6r personuppgifter.<\/u><\/h2>\n<p>I denna policy f\u00f6r personuppgifter beskrivs vilka uppgifter vi samlar in, i vilket syfte de samlas in, p\u00e5 vilket s\u00e4tt du kan ha kontroll \u00f6ver dina egna uppgifter samt hur du kan kontakta oss. CCST \u00e4r personuppgiftsansvarig och i enlighet med dessa villkor ansvarig f\u00f6r att behandling sker enligt g\u00e4llande lagstiftning.<\/p>\n<h2>Personuppgifter som samlas in<\/h2>\n<p>CCST inh\u00e4mtar uppgifterna i f\u00f6rsta hand direkt fr\u00e5n dig som kund. Exempel p\u00e5 personuppgifter vi samlar in \u00e4r ditt namn, kontaktuppgifter s\u00e5 som telefonnummer, e-postadress eller fysisk kontorsadress.<br \/>\nCCST registrerar personuppgifter i samband med:<\/p>\n<ul>\n<li>N\u00e4r du fyller i din e-postadress eller ditt mobiltelefonnummer p\u00e5 webbplatsen.<\/li>\n<li>Du kontaktar oss via e-post, telefon, v\u00e5r webbplats eller social media.<\/li>\n<li>Du anm\u00e4ler dig till v\u00e5ra nyhetsbrev.<\/li>\n<li>Ditt bes\u00f6k p\u00e5 v\u00e5r webbplats, inklusive trafikdata<\/li>\n<\/ul>\n<p>F\u00f6r att kunna hantera\/marknadsf\u00f6ra v\u00e5ra kurser kr\u00e4vs mailadresser, namn, roller\/intressen och telefonnummer. \u00a0D\u00e5 v\u00e5ra nyhetsbrev (3-4 ggr\/termin) enkelt kan stoppas bed\u00f6mer vi att den r\u00e4ttsliga grunden \u201dLegitimt intresse\u201d passar v\u00e4l in (b\u00e5de f\u00f6r lagring &amp; hantering). Det lagras\/hanteras inga k\u00e4nsliga personuppgifter hos oss f\u00f6rutom ev. de deltagaranalyser som kr\u00e4vs inf\u00f6r en kurs. Dessa analyser f\u00f6rst\u00f6rs n\u00e4r kursen \u00e4r genomf\u00f6rd. Alla personuppgifter tillh\u00f6r f\u00f6retagsanknutna vuxna personer.<\/p>\n<p>F\u00f6r att kunna erbjuda kursdeltagare ers\u00e4ttningsdiplom kr\u00e4vs lagring av genomg\u00e5ngna kurser. Gamla kunder s\u00f6ker dessutom ofta sammanst\u00e4llningar \u00f6ver vilka medarbetare som g\u00e5tt vilka kurser hos oss. Detta g\u00f6r att vi bed\u00f6mer att det \u00e4r ett \u201dLegitimt intresse\u201d att spara uppgifter som m\u00f6jligg\u00f6r dessa typer av kundefterfr\u00e5gade tj\u00e4nster (t.ex. kalla till kurs). Generellt har majoriteten av persondata delgivits oss av anlitande f\u00f6retag. Personlig marknadsf\u00f6ring\/f\u00f6rs\u00e4ljning \u00e4r en annan stor datak\u00e4lla.<\/p>\n<p>Du kan n\u00e4r som helst beg\u00e4ra:<\/p>\n<ul>\n<li>korrigering eller radering av dina uppgifter.<\/li>\n<li>dra tillbaka ditt ev. samtycke till det som anges ovan.<\/li>\n<\/ul>\n<h2>Hur insamlad information\u00a0anv\u00e4nds<\/h2>\n<p>CCST behandlar insamlad information i huvudsak f\u00f6r f\u00f6ljande \u00e4ndam\u00e5l:<\/p>\n<ul>\n<li>F\u00f6r att fullg\u00f6ra best\u00e4llningar av de tj\u00e4nster som erbjuds av CCST<\/li>\n<li>M\u00f6jligg\u00f6ra god kundservice, som att hantera dina f\u00f6rfr\u00e5gningar, r\u00e4tta uppgifter eller skicka information<\/li>\n<li>Uppgifter om best\u00e4llning av tj\u00e4nst lagras och ligger till grund f\u00f6r erbjudanden och m\u00f6jligg\u00f6ra utf\u00f6randet av \u00f6verenskomna tj\u00e4nster<\/li>\n<li>F\u00f6r administration och f\u00f6r att ta fram statistik om beteenden f\u00f6r att utveckla v\u00e5r webbplats utan att identifiera enskild person<\/li>\n<li>F\u00f6r att skicka information och marknadsf\u00f6ring via e-post<\/li>\n<li>F\u00f6r att skicka viktiga meddelanden om f\u00f6r\u00e4ndringar (t.ex. i v\u00e5ra villkor)<\/li>\n<\/ul>\n<h2>Information som lagras hos molntj\u00e4nstleverant\u00f6r<\/h2>\n<p>CCST samarbetar endast med leverant\u00f6rer (f\u00f6r CRM och ekonomi) som behandlar personuppgifter inom EU\/EES eller med f\u00f6retag som uppr\u00e4tth\u00e5ller samma skyddsniv\u00e5 som inom EU\/EES genom att t.ex. ha anslutit sig till den s.k. Privacy Shield \u00f6verenskommelsen mellan EU och USA. Genom att t.ex Dropbox f\u00f6ljer principerna f\u00f6r Privacy Shield s\u00e5 s\u00e4kerst\u00e4lls det att ett adekvat sekretesskydd tillhandah\u00e5lles enligt EU:s direktiv om dataskydd. EU\u00b4s positiva resultat av en uppf\u00f6ljning av denna \u00f6verenskommelse st\u00e4rker denna \u00f6verenskommelse. Se \u00e4ven:<br \/>\nhttps:\/\/www.dropbox.com\/sv_SE\/help\/security\/data-transfers-europe-us<\/p>\n<h2>R\u00e4ttslig grund och lagring av personuppgifter<\/h2>\n<p>I och med att du l\u00e4mnar uppgifter till CCST ger du din till\u00e5telse till att CCST registrerar och lagrar uppgifter om vilken tj\u00e4nst som k\u00f6pts samt behandlar personuppgifterna f\u00f6r angivna \u00e4ndam\u00e5l. Som legal grund f\u00f6r behandling kommer CCST att h\u00e4nvisa till uppfyllande av avtal, r\u00e4ttslig f\u00f6rpliktelse, ber\u00e4ttigat intresse eller samtycke. Om CCST anv\u00e4nder sig av ber\u00e4ttigat intresse som grund, kommer det endast att g\u00f6ras i f\u00f6ljande syften: 1) marknadsf\u00f6ring\u00a0 2) kunna leverera s\u00e5ld tj\u00e4nst (kallelser, kundenk\u00e4ter,\u00a0 diplom, kurssammanst\u00e4llningar). Observera att du n\u00e4rsomhelst kan beg\u00e4ra att ej f\u00e5 v\u00e5ra nyhetsbrev.<\/p>\n<p>CCST kommer att lagra dina personuppgifter s\u00e5 l\u00e4nge du \u00e4r kund hos oss. Viss information kan beh\u00e5llas l\u00e4ngre d\u00e5 det kr\u00e4vs s\u00e5 p.g.a. andra (lag)krav, som exempelvis bokf\u00f6ringslagen. Vid all hantering av personuppgifter iakttas dock alltid h\u00f6g s\u00e4kerhet och sekretess.<\/p>\n<h2>L\u00e4nkar till externa webbsiter<\/h2>\n<p>I h\u00e4ndelse av att v\u00e5r webbplats inneh\u00e5ller l\u00e4nkar till externa webbplatser eller material publicerat hos annan \u00e4n CCST, \u00e4r dessa l\u00e4nkar endast f\u00f6r informationssyfte. Eftersom CCST saknar kontroll \u00f6ver inneh\u00e5llet p\u00e5 dessa webbplatser ansvarar vi d\u00e4rf\u00f6r inte f\u00f6r dess inneh\u00e5ll. CCST ansvarar inte heller f\u00f6r skador eller f\u00f6rluster som skulle kunna uppst\u00e5 vid anv\u00e4ndning av dessa l\u00e4nkar.<\/p>\n<h2>Kontakt<\/h2>\n<p>F\u00f6r ytterligare information om personuppgiftshantering eller<br \/>\nom du har andra fr\u00e5gor, \u00e4r du v\u00e4lkommen att kontakta oss p\u00e5:<\/p>\n<table>\n<tbody>\n<tr>\n<td width=\"392\">Cognosis Communicastion Skills Training<\/td>\n<td width=\"222\">\u00a0www.cognosis.se<\/td>\n<\/tr>\n<tr>\n<td width=\"392\">Ekbacksv\u00e4gen 22<\/td>\n<td width=\"222\">Emailadress:\u00a0<a href=\"mailto:info@cognosis.se\">info@cognosis.se<\/a><\/td>\n<\/tr>\n<tr>\n<td width=\"392\">168 69 Bromma<\/td>\n<td width=\"222\">Telefonnummer: 08-262120<\/td>\n<\/tr>\n<\/tbody>\n<\/table>\n<p>Denna policy g\u00e4ller fr.o.m. 2018-05-25<\/p>\n","protected":false},"excerpt":{"rendered":"Cognosis Communication Skills Training AB\u00b4s\u00a0 (CCST) policy f\u00f6r personuppgifter. I denna policy f\u00f6r personuppgifter beskrivs vilka uppgifter vi samlar in, i vilket syfte de samlas in, p\u00e5 vilket s\u00e4tt du kan ha kontroll \u00f6ver dina egna uppgifter samt hur du kan kontakta oss. CCST \u00e4r personuppgiftsansvarig och i enlighet med dessa villkor ansvarig f\u00f6r att [&hellip;]","protected":false},"author":6,"featured_media":0,"parent":62,"menu_order":0,"comment_status":"closed","ping_status":"closed","template":"template-undersida.php","meta":{"_acf_changed":false,"inline_featured_image":false,"_glsr_average":0,"_glsr_ranking":0,"_glsr_reviews":0,"footnotes":""},"class_list":["post-1556","page","type-page","status-publish","hentry"],"translation":{"provider":"WPGlobus","version":"3.0.2","language":"en","enabled_languages":["sv","en"],"languages":{"sv":{"title":true,"content":true,"excerpt":false},"en":{"title":false,"content":false,"excerpt":false}}},"acf":[],"yoast_head":"<!-- This site is optimized with the Yoast SEO plugin v27.2 - https:\/\/yoast.com\/product\/yoast-seo-wordpress\/ -->\n<title>Personuppgiftspolicy - Cognosis<\/title>\n<meta name=\"robots\" content=\"index, follow, max-snippet:-1, max-image-preview:large, max-video-preview:-1\" \/>\n<link rel=\"canonical\" href=\"https:\/\/cognosis.se\/om-oss\/personuppgiftspolicy\/\" \/>\n<meta property=\"og:locale\" content=\"en_US\" \/>\n<meta property=\"og:type\" content=\"article\" \/>\n<meta property=\"og:title\" content=\"Personuppgiftspolicy - Cognosis\" \/>\n<meta property=\"og:url\" content=\"https:\/\/cognosis.se\/om-oss\/personuppgiftspolicy\/\" \/>\n<meta property=\"og:site_name\" content=\"Cognosis\" \/>\n<meta property=\"article:modified_time\" content=\"2020-01-31T08:48:30+00:00\" \/>\n<meta name=\"twitter:card\" content=\"summary_large_image\" \/>\n<meta name=\"twitter:label1\" content=\"Est. reading time\" \/>\n\t<meta name=\"twitter:data1\" content=\"4 minutes\" \/>\n<script type=\"application\/ld+json\" class=\"yoast-schema-graph\">{\"@context\":\"https:\/\/schema.org\",\"@graph\":[{\"@type\":\"WebPage\",\"@id\":\"https:\/\/cognosis.se\/om-oss\/personuppgiftspolicy\/\",\"url\":\"https:\/\/cognosis.se\/om-oss\/personuppgiftspolicy\/\",\"name\":\"Personuppgiftspolicy - Cognosis\",\"isPartOf\":{\"@id\":\"https:\/\/cognosis.se\/#website\"},\"datePublished\":\"2018-05-22T11:21:24+00:00\",\"dateModified\":\"2020-01-31T08:48:30+00:00\",\"description\":\"Cognosis Communication Skills Training AB\u00b4s\u00a0 (CCST) policy f\u00f6r personuppgifter. I denna policy f\u00f6r personuppgifter beskrivs vilka uppgifter vi samlar in,\",\"breadcrumb\":{\"@id\":\"https:\/\/cognosis.se\/om-oss\/personuppgiftspolicy\/#breadcrumb\"},\"inLanguage\":\"en-US\",\"potentialAction\":[{\"@type\":\"ReadAction\",\"target\":[\"https:\/\/cognosis.se\/om-oss\/personuppgiftspolicy\/\"]}]},{\"@type\":\"BreadcrumbList\",\"@id\":\"https:\/\/cognosis.se\/om-oss\/personuppgiftspolicy\/#breadcrumb\",\"itemListElement\":[{\"@type\":\"ListItem\",\"position\":1,\"name\":\"Hem\",\"item\":\"https:\/\/cognosis.se\/\"},{\"@type\":\"ListItem\",\"position\":2,\"name\":\"Om oss\",\"item\":\"https:\/\/cognosis.se\/om-oss\/\"},{\"@type\":\"ListItem\",\"position\":3,\"name\":\"Personuppgiftspolicy\"}]},{\"@type\":\"WebSite\",\"@id\":\"https:\/\/cognosis.se\/#website\",\"url\":\"https:\/\/cognosis.se\/\",\"name\":\"Cognosis\",\"description\":\"Communication skills training\",\"publisher\":{\"@id\":\"https:\/\/cognosis.se\/#organization\"},\"potentialAction\":[{\"@type\":\"SearchAction\",\"target\":{\"@type\":\"EntryPoint\",\"urlTemplate\":\"https:\/\/cognosis.se\/?s={search_term_string}\"},\"query-input\":{\"@type\":\"PropertyValueSpecification\",\"valueRequired\":true,\"valueName\":\"search_term_string\"}}],\"inLanguage\":\"en-US\"},{\"@type\":\"Organization\",\"@id\":\"https:\/\/cognosis.se\/#organization\",\"name\":\"Cognosis AB\",\"url\":\"https:\/\/cognosis.se\/\",\"logo\":{\"@type\":\"ImageObject\",\"inLanguage\":\"en-US\",\"@id\":\"https:\/\/cognosis.se\/#\/schema\/logo\/image\/\",\"url\":\"https:\/\/cognosis.se\/wp-content\/uploads\/2016\/01\/Cognosis-vertikal-logo-blaa-sidfot.png\",\"contentUrl\":\"https:\/\/cognosis.se\/wp-content\/uploads\/2016\/01\/Cognosis-vertikal-logo-blaa-sidfot.png\",\"width\":149,\"height\":33,\"caption\":\"Cognosis AB\"},\"image\":{\"@id\":\"https:\/\/cognosis.se\/#\/schema\/logo\/image\/\"}}]}<\/script>\n<!-- \/ Yoast SEO plugin. -->","yoast_head_json":{"title":"Personuppgiftspolicy - Cognosis","robots":{"index":"index","follow":"follow","max-snippet":"max-snippet:-1","max-image-preview":"max-image-preview:large","max-video-preview":"max-video-preview:-1"},"canonical":"https:\/\/cognosis.se\/om-oss\/personuppgiftspolicy\/","og_locale":"en_US","og_type":"article","og_title":"Personuppgiftspolicy - Cognosis","og_url":"https:\/\/cognosis.se\/om-oss\/personuppgiftspolicy\/","og_site_name":"Cognosis","article_modified_time":"2020-01-31T08:48:30+00:00","twitter_card":"summary_large_image","twitter_misc":{"Est. reading time":"4 minutes"},"schema":{"@context":"https:\/\/schema.org","@graph":[{"@type":"WebPage","@id":"https:\/\/cognosis.se\/om-oss\/personuppgiftspolicy\/","url":"https:\/\/cognosis.se\/om-oss\/personuppgiftspolicy\/","name":"Personuppgiftspolicy - Cognosis","isPartOf":{"@id":"https:\/\/cognosis.se\/#website"},"datePublished":"2018-05-22T11:21:24+00:00","dateModified":"2020-01-31T08:48:30+00:00","description":"Cognosis Communication Skills Training AB\u00b4s\u00a0 (CCST) policy f\u00f6r personuppgifter. I denna policy f\u00f6r personuppgifter beskrivs vilka uppgifter vi samlar in,","breadcrumb":{"@id":"https:\/\/cognosis.se\/om-oss\/personuppgiftspolicy\/#breadcrumb"},"inLanguage":"en-US","potentialAction":[{"@type":"ReadAction","target":["https:\/\/cognosis.se\/om-oss\/personuppgiftspolicy\/"]}]},{"@type":"BreadcrumbList","@id":"https:\/\/cognosis.se\/om-oss\/personuppgiftspolicy\/#breadcrumb","itemListElement":[{"@type":"ListItem","position":1,"name":"Hem","item":"https:\/\/cognosis.se\/"},{"@type":"ListItem","position":2,"name":"Om oss","item":"https:\/\/cognosis.se\/om-oss\/"},{"@type":"ListItem","position":3,"name":"Personuppgiftspolicy"}]},{"@type":"WebSite","@id":"https:\/\/cognosis.se\/#website","url":"https:\/\/cognosis.se\/","name":"Cognosis","description":"Communication skills training","publisher":{"@id":"https:\/\/cognosis.se\/#organization"},"potentialAction":[{"@type":"SearchAction","target":{"@type":"EntryPoint","urlTemplate":"https:\/\/cognosis.se\/?s={search_term_string}"},"query-input":{"@type":"PropertyValueSpecification","valueRequired":true,"valueName":"search_term_string"}}],"inLanguage":"en-US"},{"@type":"Organization","@id":"https:\/\/cognosis.se\/#organization","name":"Cognosis AB","url":"https:\/\/cognosis.se\/","logo":{"@type":"ImageObject","inLanguage":"en-US","@id":"https:\/\/cognosis.se\/#\/schema\/logo\/image\/","url":"https:\/\/cognosis.se\/wp-content\/uploads\/2016\/01\/Cognosis-vertikal-logo-blaa-sidfot.png","contentUrl":"https:\/\/cognosis.se\/wp-content\/uploads\/2016\/01\/Cognosis-vertikal-logo-blaa-sidfot.png","width":149,"height":33,"caption":"Cognosis AB"},"image":{"@id":"https:\/\/cognosis.se\/#\/schema\/logo\/image\/"}}]}},"_links":{"self":[{"href":"https:\/\/cognosis.se\/en\/wp-json\/wp\/v2\/pages\/1556","targetHints":{"allow":["GET"]}}],"collection":[{"href":"https:\/\/cognosis.se\/en\/wp-json\/wp\/v2\/pages"}],"about":[{"href":"https:\/\/cognosis.se\/en\/wp-json\/wp\/v2\/types\/page"}],"author":[{"embeddable":true,"href":"https:\/\/cognosis.se\/en\/wp-json\/wp\/v2\/users\/6"}],"replies":[{"embeddable":true,"href":"https:\/\/cognosis.se\/en\/wp-json\/wp\/v2\/comments?post=1556"}],"version-history":[{"count":5,"href":"https:\/\/cognosis.se\/en\/wp-json\/wp\/v2\/pages\/1556\/revisions"}],"predecessor-version":[{"id":4372,"href":"https:\/\/cognosis.se\/en\/wp-json\/wp\/v2\/pages\/1556\/revisions\/4372"}],"up":[{"embeddable":true,"href":"https:\/\/cognosis.se\/en\/wp-json\/wp\/v2\/pages\/62"}],"wp:attachment":[{"href":"https:\/\/cognosis.se\/en\/wp-json\/wp\/v2\/media?parent=1556"}],"curies":[{"name":"wp","href":"https:\/\/api.w.org\/{rel}","templated":true}]}}