{"id":4153,"date":"2023-01-13T21:36:49","date_gmt":"2023-01-13T20:36:49","guid":{"rendered":"https:\/\/cognosis.se\/?page_id=4153"},"modified":"2023-01-13T21:37:34","modified_gmt":"2023-01-13T20:37:34","slug":"meddelande-skickat","status":"publish","type":"page","link":"https:\/\/cognosis.se\/en\/meddelande-skickat\/","title":{"rendered":"Meddelande skickat"},"content":{"rendered":"<p>Tack f\u00f6r ditt mail. Detta \u00e4r en bekr\u00e4ftelse p\u00e5 att vi mottagit meddelandet och kommer att svara p\u00e5 det snarast m\u00f6jligt.<\/p>\n","protected":false},"excerpt":{"rendered":"Tack f\u00f6r ditt mail. Detta \u00e4r en bekr\u00e4ftelse p\u00e5 att vi mottagit meddelandet och kommer att svara p\u00e5 det snarast m\u00f6jligt.","protected":false},"author":8,"featured_media":0,"parent":0,"menu_order":0,"comment_status":"closed","ping_status":"closed","template":"template-undersida.php","meta":{"_acf_changed":false,"inline_featured_image":false,"_glsr_average":0,"_glsr_ranking":0,"_glsr_reviews":0,"footnotes":""},"class_list":["post-4153","page","type-page","status-publish","hentry"],"translation":{"provider":"WPGlobus","version":"3.0.2","language":"en","enabled_languages":["sv","en"],"languages":{"sv":{"title":true,"content":true,"excerpt":false},"en":{"title":false,"content":false,"excerpt":false}}},"acf":[],"yoast_head":"<!-- This site is optimized with the Yoast SEO plugin v27.5 - https:\/\/yoast.com\/product\/yoast-seo-wordpress\/ -->\n<title>Meddelande skickat - Cognosis<\/title>\n<meta name=\"robots\" content=\"index, follow, max-snippet:-1, max-image-preview:large, max-video-preview:-1\" \/>\n<link rel=\"canonical\" href=\"https:\/\/cognosis.se\/meddelande-skickat\/\" \/>\n<meta property=\"og:locale\" content=\"en_US\" \/>\n<meta property=\"og:type\" content=\"article\" \/>\n<meta property=\"og:title\" content=\"Meddelande skickat - Cognosis\" \/>\n<meta property=\"og:url\" content=\"https:\/\/cognosis.se\/meddelande-skickat\/\" \/>\n<meta property=\"og:site_name\" content=\"Cognosis\" \/>\n<meta property=\"article:modified_time\" content=\"2023-01-13T20:37:34+00:00\" \/>\n<meta name=\"twitter:card\" content=\"summary_large_image\" \/>\n<meta name=\"twitter:label1\" content=\"Est. reading time\" \/>\n\t<meta name=\"twitter:data1\" content=\"1 minute\" \/>\n<script type=\"application\/ld+json\" class=\"yoast-schema-graph\">{\"@context\":\"https:\\\/\\\/schema.org\",\"@graph\":[{\"@type\":\"WebPage\",\"@id\":\"https:\\\/\\\/cognosis.se\\\/meddelande-skickat\\\/\",\"url\":\"https:\\\/\\\/cognosis.se\\\/meddelande-skickat\\\/\",\"name\":\"Meddelande skickat - Cognosis\",\"isPartOf\":{\"@id\":\"https:\\\/\\\/cognosis.se\\\/#website\"},\"datePublished\":\"2023-01-13T20:36:49+00:00\",\"dateModified\":\"2023-01-13T20:37:34+00:00\",\"description\":\"Tack f\u00f6r ditt mail. Detta \u00e4r en bekr\u00e4ftelse p\u00e5 att vi mottagit meddelandet och kommer att svara p\u00e5 det snarast m\u00f6jligt.\",\"breadcrumb\":{\"@id\":\"https:\\\/\\\/cognosis.se\\\/meddelande-skickat\\\/#breadcrumb\"},\"inLanguage\":\"en-US\",\"potentialAction\":[{\"@type\":\"ReadAction\",\"target\":[\"https:\\\/\\\/cognosis.se\\\/meddelande-skickat\\\/\"]}]},{\"@type\":\"BreadcrumbList\",\"@id\":\"https:\\\/\\\/cognosis.se\\\/meddelande-skickat\\\/#breadcrumb\",\"itemListElement\":[{\"@type\":\"ListItem\",\"position\":1,\"name\":\"Hem\",\"item\":\"https:\\\/\\\/cognosis.se\\\/\"},{\"@type\":\"ListItem\",\"position\":2,\"name\":\"Meddelande skickat\"}]},{\"@type\":\"WebSite\",\"@id\":\"https:\\\/\\\/cognosis.se\\\/#website\",\"url\":\"https:\\\/\\\/cognosis.se\\\/\",\"name\":\"Cognosis\",\"description\":\"Communication skills training\",\"publisher\":{\"@id\":\"https:\\\/\\\/cognosis.se\\\/#organization\"},\"potentialAction\":[{\"@type\":\"SearchAction\",\"target\":{\"@type\":\"EntryPoint\",\"urlTemplate\":\"https:\\\/\\\/cognosis.se\\\/?s={search_term_string}\"},\"query-input\":{\"@type\":\"PropertyValueSpecification\",\"valueRequired\":true,\"valueName\":\"search_term_string\"}}],\"inLanguage\":\"en-US\"},{\"@type\":\"Organization\",\"@id\":\"https:\\\/\\\/cognosis.se\\\/#organization\",\"name\":\"Cognosis AB\",\"url\":\"https:\\\/\\\/cognosis.se\\\/\",\"logo\":{\"@type\":\"ImageObject\",\"inLanguage\":\"en-US\",\"@id\":\"https:\\\/\\\/cognosis.se\\\/#\\\/schema\\\/logo\\\/image\\\/\",\"url\":\"https:\\\/\\\/cognosis.se\\\/wp-content\\\/uploads\\\/2016\\\/01\\\/Cognosis-vertikal-logo-blaa-sidfot.png\",\"contentUrl\":\"https:\\\/\\\/cognosis.se\\\/wp-content\\\/uploads\\\/2016\\\/01\\\/Cognosis-vertikal-logo-blaa-sidfot.png\",\"width\":149,\"height\":33,\"caption\":\"Cognosis AB\"},\"image\":{\"@id\":\"https:\\\/\\\/cognosis.se\\\/#\\\/schema\\\/logo\\\/image\\\/\"}}]}<\/script>\n<!-- \/ Yoast SEO plugin. -->","yoast_head_json":{"title":"Meddelande skickat - Cognosis","robots":{"index":"index","follow":"follow","max-snippet":"max-snippet:-1","max-image-preview":"max-image-preview:large","max-video-preview":"max-video-preview:-1"},"canonical":"https:\/\/cognosis.se\/meddelande-skickat\/","og_locale":"en_US","og_type":"article","og_title":"Meddelande skickat - Cognosis","og_url":"https:\/\/cognosis.se\/meddelande-skickat\/","og_site_name":"Cognosis","article_modified_time":"2023-01-13T20:37:34+00:00","twitter_card":"summary_large_image","twitter_misc":{"Est. reading time":"1 minute"},"schema":{"@context":"https:\/\/schema.org","@graph":[{"@type":"WebPage","@id":"https:\/\/cognosis.se\/meddelande-skickat\/","url":"https:\/\/cognosis.se\/meddelande-skickat\/","name":"Meddelande skickat - Cognosis","isPartOf":{"@id":"https:\/\/cognosis.se\/#website"},"datePublished":"2023-01-13T20:36:49+00:00","dateModified":"2023-01-13T20:37:34+00:00","description":"Tack f\u00f6r ditt mail. Detta \u00e4r en bekr\u00e4ftelse p\u00e5 att vi mottagit meddelandet och kommer att svara p\u00e5 det snarast m\u00f6jligt.","breadcrumb":{"@id":"https:\/\/cognosis.se\/meddelande-skickat\/#breadcrumb"},"inLanguage":"en-US","potentialAction":[{"@type":"ReadAction","target":["https:\/\/cognosis.se\/meddelande-skickat\/"]}]},{"@type":"BreadcrumbList","@id":"https:\/\/cognosis.se\/meddelande-skickat\/#breadcrumb","itemListElement":[{"@type":"ListItem","position":1,"name":"Hem","item":"https:\/\/cognosis.se\/"},{"@type":"ListItem","position":2,"name":"Meddelande skickat"}]},{"@type":"WebSite","@id":"https:\/\/cognosis.se\/#website","url":"https:\/\/cognosis.se\/","name":"Cognosis","description":"Communication skills training","publisher":{"@id":"https:\/\/cognosis.se\/#organization"},"potentialAction":[{"@type":"SearchAction","target":{"@type":"EntryPoint","urlTemplate":"https:\/\/cognosis.se\/?s={search_term_string}"},"query-input":{"@type":"PropertyValueSpecification","valueRequired":true,"valueName":"search_term_string"}}],"inLanguage":"en-US"},{"@type":"Organization","@id":"https:\/\/cognosis.se\/#organization","name":"Cognosis AB","url":"https:\/\/cognosis.se\/","logo":{"@type":"ImageObject","inLanguage":"en-US","@id":"https:\/\/cognosis.se\/#\/schema\/logo\/image\/","url":"https:\/\/cognosis.se\/wp-content\/uploads\/2016\/01\/Cognosis-vertikal-logo-blaa-sidfot.png","contentUrl":"https:\/\/cognosis.se\/wp-content\/uploads\/2016\/01\/Cognosis-vertikal-logo-blaa-sidfot.png","width":149,"height":33,"caption":"Cognosis AB"},"image":{"@id":"https:\/\/cognosis.se\/#\/schema\/logo\/image\/"}}]}},"_links":{"self":[{"href":"https:\/\/cognosis.se\/en\/wp-json\/wp\/v2\/pages\/4153","targetHints":{"allow":["GET"]}}],"collection":[{"href":"https:\/\/cognosis.se\/en\/wp-json\/wp\/v2\/pages"}],"about":[{"href":"https:\/\/cognosis.se\/en\/wp-json\/wp\/v2\/types\/page"}],"author":[{"embeddable":true,"href":"https:\/\/cognosis.se\/en\/wp-json\/wp\/v2\/users\/8"}],"replies":[{"embeddable":true,"href":"https:\/\/cognosis.se\/en\/wp-json\/wp\/v2\/comments?post=4153"}],"version-history":[{"count":2,"href":"https:\/\/cognosis.se\/en\/wp-json\/wp\/v2\/pages\/4153\/revisions"}],"predecessor-version":[{"id":5827,"href":"https:\/\/cognosis.se\/en\/wp-json\/wp\/v2\/pages\/4153\/revisions\/5827"}],"wp:attachment":[{"href":"https:\/\/cognosis.se\/en\/wp-json\/wp\/v2\/media?parent=4153"}],"curies":[{"name":"wp","href":"https:\/\/api.w.org\/{rel}","templated":true}]}}