{"id":4205,"date":"2023-03-10T12:53:04","date_gmt":"2023-03-10T11:53:04","guid":{"rendered":"https:\/\/cognosis.se\/?page_id=4205"},"modified":"2023-03-13T09:32:01","modified_gmt":"2023-03-13T08:32:01","slug":"onlinekurs-forhandlingsteknik-steg-1","status":"publish","type":"page","link":"https:\/\/cognosis.se\/en\/onlinekurs-forhandlingsteknik-steg-1\/","title":{"rendered":"Onlinekurs F\u00f6rhandlingsteknik steg 1"},"content":{"rendered":"<p><iframe loading=\"lazy\" src=\"https:\/\/www.youtube.com\/embed\/jHHGbwvDhuc\" width=\"720\" height=\"405\" frameborder=\"0\" allowfullscreen=\"allowfullscreen\"><\/iframe><\/p>\n<h3>Beskrivning av kursen<\/h3>\n<p>Den h\u00e4r onlinekursen i F\u00f6rhandlingsteknik kommer att ge dig verktyg, konkreta tips och goda r\u00e5d som g\u00f6r att du garanterat kommer att bli en skickligare f\u00f6rhandlare. Vi kommer att g\u00e5 igenom steg f\u00f6r steg hur du ska f\u00f6rbereda dig inf\u00f6r en f\u00f6rhandling, hur du ska l\u00e4gga upp det och vad du ska se upp med. Enkelt och pedagogiskt. Allt f\u00f6r att du ska vara p\u00e5 s\u00e4ker mark och ha kontroll.<\/p>\n<p>Du ska veta hur det g\u00e5r till och k\u00e4nna dig trygg, kunna styra hela processen dit du vill, undvika att hamna i underl\u00e4ge, g\u00f6ra on\u00f6diga misstag och g\u00e5 p\u00e5 fula knep.<\/p>\n<p>M\u00e5let \u00e4r att du ska kunna f\u00f6rhandla dig till bra villkor, priser och avtal.<\/p>\n<p>Kursen tar 2,5 timmar att titta p\u00e5. Det som tillkommer \u00e4r eget arbete och tre kursprov. Efter kursen \u00e4r du v\u00e4lkommen att maila fr\u00e5gor du har till oss, och v\u00e5ra kursledare kommer att svara dig snabbt!<\/p>\n<p>Pris f\u00f6r onlinekursen, inklusive kurscertifikat: <strong>2.900 kr<\/strong>\u00a0(moms tillkommer).<\/p>\n<p>Rabatt vid k\u00f6p av flera \u00e4n 3 kurser:<\/p>\n<ul>\n<li><strong>4-10<\/strong>\u00a0online-kurser:\u00a0<strong>10% rabatt<\/strong>\u00a0(2.610 kr\/kurs, moms tillkommer)<\/li>\n<li><strong>11-25<\/strong>\u00a0online-kurser:\u00a0<strong>15% rabatt<\/strong>\u00a0(2.465 kr\/kurs, moms tillkommer)<\/li>\n<li><strong>26-40<\/strong>\u00a0online-kurser:\u00a0<strong>20% rabatt<\/strong>\u00a0(2.320 kr\/kurs, moms tillkommer)<\/li>\n<li><strong>41-200<\/strong>\u00a0online-kurser:\u00a0<strong>25% rabatt<\/strong>\u00a0(2.175 kr\/kurs, moms tillkommer)<\/li>\n<li><b>201-300\u00a0<\/b>online-kurser:\u00a0<b>30% rabatt<\/b>\u00a0(2.030 kr\/kurs, moms tillkommer)<\/li>\n<\/ul>\n<p>Fr\u00e5n det att du startar kursen har du tre m\u00e5nader (90 dagar) p\u00e5 dig att g\u00e5 klart och g\u00f6ra ditt slutprov.<\/p>\n<h3>K\u00f6p kursen<\/h3>\n<p>F\u00f6r att k\u00f6pa kursen beh\u00f6ver du fylla i formul\u00e4ret nedan och skicka till oss. Vi ordnar d\u00e5 \u00e5tkomst till kursmaterialet samt anv\u00e4ndare f\u00f6r alla som deltar. Betalning sker via faktura.<\/p>\n<div class=\"wpforms-container wpforms-container-full\" id=\"wpforms-4209\"><form id=\"wpforms-form-4209\" class=\"wpforms-validate wpforms-form wpforms-ajax-form\" data-formid=\"4209\" method=\"post\" enctype=\"multipart\/form-data\" action=\"\/en\/wp-json\/wp\/v2\/pages\/4205\" data-token=\"71a3ac82ca88d6049a24e51d80a23a00\" data-token-time=\"1777899307\"><noscript class=\"wpforms-error-noscript\">Please enable JavaScript in your browser to complete this form.<\/noscript><div class=\"wpforms-field-container\"><div id=\"wpforms-4209-field_12-container\" class=\"wpforms-field wpforms-field-number\" data-field-id=\"12\"><label class=\"wpforms-field-label\" for=\"wpforms-4209-field_12\">Antal deltagare <span class=\"wpforms-required-label\">*<\/span><\/label><input type=\"number\" id=\"wpforms-4209-field_12\" class=\"wpforms-field-medium wpforms-field-required\" name=\"wpforms[fields][12]\" step=\"any\" required><\/div><div id=\"wpforms-4209-field_2-container\" class=\"wpforms-field wpforms-field-text\" data-field-id=\"2\"><label class=\"wpforms-field-label\" for=\"wpforms-4209-field_2\">Ditt namn <span class=\"wpforms-required-label\">*<\/span><\/label><input type=\"text\" id=\"wpforms-4209-field_2\" class=\"wpforms-field-medium wpforms-field-required\" name=\"wpforms[fields][2]\" placeholder=\"F\u00f6r- och efternamn\" required><\/div><div id=\"wpforms-4209-field_3-container\" class=\"wpforms-field wpforms-field-text\" data-field-id=\"3\"><label class=\"wpforms-field-label\" for=\"wpforms-4209-field_3\">F\u00f6retag <span class=\"wpforms-required-label\">*<\/span><\/label><input type=\"text\" id=\"wpforms-4209-field_3\" class=\"wpforms-field-medium wpforms-field-required\" name=\"wpforms[fields][3]\" placeholder=\"F\u00f6retagsnamn\" required><\/div><div id=\"wpforms-4209-field_4-container\" class=\"wpforms-field wpforms-field-email\" data-field-id=\"4\"><label class=\"wpforms-field-label\" for=\"wpforms-4209-field_4\">E-post <span class=\"wpforms-required-label\">*<\/span><\/label><input type=\"email\" id=\"wpforms-4209-field_4\" class=\"wpforms-field-medium wpforms-field-required\" name=\"wpforms[fields][4]\" placeholder=\"E-postadress\" spellcheck=\"false\" required><\/div><div id=\"wpforms-4209-field_5-container\" class=\"wpforms-field wpforms-field-text\" data-field-id=\"5\"><label class=\"wpforms-field-label\" for=\"wpforms-4209-field_5\">Telefon (valfri)<\/label><input type=\"text\" id=\"wpforms-4209-field_5\" class=\"wpforms-field-medium\" name=\"wpforms[fields][5]\" placeholder=\"Telefonnummer\" ><\/div><div id=\"wpforms-4209-field_9-container\" class=\"wpforms-field wpforms-field-textarea\" data-field-id=\"9\"><label class=\"wpforms-field-label\" for=\"wpforms-4209-field_9\">Plats f\u00f6r fr\u00e5gor eller information du vill ge oss (valfri)<\/label><textarea id=\"wpforms-4209-field_9\" class=\"wpforms-field-medium\" name=\"wpforms[fields][9]\" ><\/textarea><\/div><div id=\"wpforms-4209-field_10-container\" class=\"wpforms-field wpforms-field-select wpforms-field-select-style-classic\" data-field-id=\"10\"><label class=\"wpforms-field-label\" for=\"wpforms-4209-field_10\">Hur hittade du oss? (valfri)<\/label><select id=\"wpforms-4209-field_10\" class=\"wpforms-field-medium\" name=\"wpforms[fields][10]\"><option value=\"Facebook\"  class=\"choice-1 depth-1\"  >Facebook<\/option><option value=\"Google\"  class=\"choice-2 depth-1\"  >Google<\/option><option value=\"Linkedin\"  class=\"choice-3 depth-1\"  >Linkedin<\/option><option value=\"Rekommendation\"  class=\"choice-4 depth-1\"  >Rekommendation<\/option><option value=\"\u00d6vrigt\"  class=\"choice-5 depth-1\"  >\u00d6vrigt<\/option><\/select><\/div><\/div><!-- .wpforms-field-container --><div class=\"wpforms-recaptcha-container wpforms-is-recaptcha wpforms-is-recaptcha-type-v3\" ><input type=\"hidden\" name=\"wpforms[recaptcha]\" value=\"\"><\/div><div class=\"wpforms-submit-container\" ><input type=\"hidden\" name=\"wpforms[id]\" value=\"4209\"><input type=\"hidden\" name=\"page_title\" value=\"\"><input type=\"hidden\" name=\"page_url\" value=\"https:\/\/cognosis.se\/en\/wp-json\/wp\/v2\/pages\/4205\"><input type=\"hidden\" name=\"url_referer\" value=\"\"><button type=\"submit\" name=\"wpforms[submit]\" id=\"wpforms-submit-4209\" class=\"wpforms-submit\" data-alt-text=\"Skickar \u2026\" data-submit-text=\"Skicka\" aria-live=\"assertive\" value=\"wpforms-submit\">Skicka<\/button><img loading=\"lazy\" decoding=\"async\" src=\"https:\/\/cognosis.se\/wp-content\/plugins\/wpforms\/assets\/images\/submit-spin.svg\" class=\"wpforms-submit-spinner\" style=\"display: none;\" width=\"26\" height=\"26\" alt=\"Loading\"><\/div><\/form><\/div>  <!-- .wpforms-container -->\n<h3>M\u00e5l med kursen<\/h3>\n<p>M\u00e5let med kursen \u00e4r att du ska:<\/p>\n<ul>\n<li>Bli skickligare, s\u00e4krare och mera medveten som f\u00f6rhandlare.<\/li>\n<li>Veta hur du ska f\u00f6rbereda dig inf\u00f6r din f\u00f6rhandling: M\u00e5ls\u00e4ttning, strategi, taktik<br \/>\noch motpartsanalys.<\/li>\n<li>Veta hur du skall l\u00e4gga upp din f\u00f6rhandling och styra f\u00f6rhandlingen dit du vill<br \/>\nlanda.<\/li>\n<li>K\u00e4nna till de vanligaste f\u00f6rhandlingsknepen och fallgroparna, och veta hur du<br \/>\nska undvika och hantera dem.<\/li>\n<li>F\u00e5 en stabil grund att st\u00e5 p\u00e5: teorin bakom f\u00f6rhandlingsspelet.<\/li>\n<li>Ha en riktigt bra verktygsl\u00e5da som du kan luta dig mot innan och under<br \/>\nf\u00f6rhandlingen.<\/li>\n<li>F\u00e5 tips och r\u00e5d som g\u00f6r att du \u00e4r p\u00e5 s\u00e4ker mark n\u00e4r du f\u00f6rhandlar.<\/li>\n<\/ul>\n<h3>Vem passar kursen f\u00f6r?<\/h3>\n<p>Detta \u00e4r en kurs f\u00f6r dig som i din yrkesroll m\u00e5ste kunna f\u00f6rhandla p\u00e5 ett professionellt, smidigt och m\u00e5lmedvetet s\u00e4tt. Det kan g\u00e4lla aff\u00e4rsf\u00f6rhandlingar, avtal, ink\u00f6p, l\u00f6ner, prioriteringar av resurser och budget.<\/p>\n<ul>\n<li>S\u00e4ljare och kundansvariga<\/li>\n<li>Konsulter<\/li>\n<li>Projektledare (interna och externa)<\/li>\n<li>Ink\u00f6pare<\/li>\n<li>Produktspecialister<\/li>\n<li>Chefer<\/li>\n<li>Personalchefer och f\u00f6rhandlingschefer<\/li>\n<li>Budgetansvariga<\/li>\n<li>Du som sitter i m\u00f6ten, l\u00f6ser problem och ska f\u00e5 till st\u00e5nd f\u00f6r\u00e4ndringar<br \/>\noch resultat.<\/li>\n<\/ul>\n","protected":false},"excerpt":{"rendered":"Beskrivning av kursen Den h\u00e4r onlinekursen i F\u00f6rhandlingsteknik kommer att ge dig verktyg, konkreta tips och goda r\u00e5d som g\u00f6r att du garanterat kommer att bli en skickligare f\u00f6rhandlare. Vi kommer att g\u00e5 igenom steg f\u00f6r steg hur du ska f\u00f6rbereda dig inf\u00f6r en f\u00f6rhandling, hur du ska l\u00e4gga upp det och vad du ska [&hellip;]","protected":false},"author":8,"featured_media":3884,"parent":0,"menu_order":0,"comment_status":"closed","ping_status":"closed","template":"template-undersida.php","meta":{"_acf_changed":false,"inline_featured_image":false,"_glsr_average":0,"_glsr_ranking":0,"_glsr_reviews":0,"footnotes":""},"class_list":["post-4205","page","type-page","status-publish","has-post-thumbnail","hentry"],"translation":{"provider":"WPGlobus","version":"3.0.2","language":"en","enabled_languages":["sv","en"],"languages":{"sv":{"title":true,"content":true,"excerpt":false},"en":{"title":false,"content":false,"excerpt":false}}},"acf":[],"yoast_head":"<!-- This site is optimized with the Yoast SEO plugin v27.5 - https:\/\/yoast.com\/product\/yoast-seo-wordpress\/ -->\n<title>Onlinekurs F\u00f6rhandlingsteknik steg 1 - Cognosis<\/title>\n<meta name=\"robots\" content=\"index, follow, max-snippet:-1, max-image-preview:large, max-video-preview:-1\" \/>\n<link rel=\"canonical\" href=\"https:\/\/cognosis.se\/onlinekurs-forhandlingsteknik-steg-1\/\" \/>\n<meta property=\"og:locale\" content=\"en_US\" \/>\n<meta property=\"og:type\" content=\"article\" \/>\n<meta property=\"og:title\" content=\"Onlinekurs F\u00f6rhandlingsteknik steg 1 - Cognosis\" \/>\n<meta property=\"og:url\" content=\"https:\/\/cognosis.se\/onlinekurs-forhandlingsteknik-steg-1\/\" \/>\n<meta property=\"og:site_name\" content=\"Cognosis\" \/>\n<meta property=\"article:modified_time\" content=\"2023-03-13T08:32:01+00:00\" \/>\n<meta property=\"og:image\" content=\"https:\/\/cognosis.se\/wp-content\/uploads\/2016\/01\/forhandlingsteknik_steg_1_hero_bg.jpg\" \/>\n\t<meta property=\"og:image:width\" content=\"1920\" \/>\n\t<meta property=\"og:image:height\" content=\"825\" \/>\n\t<meta property=\"og:image:type\" content=\"image\/jpeg\" \/>\n<meta name=\"twitter:card\" content=\"summary_large_image\" \/>\n<meta name=\"twitter:label1\" content=\"Est. reading time\" \/>\n\t<meta name=\"twitter:data1\" content=\"3 minutes\" \/>\n<script type=\"application\/ld+json\" class=\"yoast-schema-graph\">{\"@context\":\"https:\\\/\\\/schema.org\",\"@graph\":[{\"@type\":\"WebPage\",\"@id\":\"https:\\\/\\\/cognosis.se\\\/onlinekurs-forhandlingsteknik-steg-1\\\/\",\"url\":\"https:\\\/\\\/cognosis.se\\\/onlinekurs-forhandlingsteknik-steg-1\\\/\",\"name\":\"Onlinekurs F\u00f6rhandlingsteknik steg 1 - Cognosis\",\"isPartOf\":{\"@id\":\"https:\\\/\\\/cognosis.se\\\/#website\"},\"primaryImageOfPage\":{\"@id\":\"https:\\\/\\\/cognosis.se\\\/onlinekurs-forhandlingsteknik-steg-1\\\/#primaryimage\"},\"image\":{\"@id\":\"https:\\\/\\\/cognosis.se\\\/onlinekurs-forhandlingsteknik-steg-1\\\/#primaryimage\"},\"thumbnailUrl\":\"https:\\\/\\\/cognosis.se\\\/wp-content\\\/uploads\\\/2016\\\/01\\\/forhandlingsteknik_steg_1_hero_bg.jpg\",\"datePublished\":\"2023-03-10T11:53:04+00:00\",\"dateModified\":\"2023-03-13T08:32:01+00:00\",\"description\":\"Beskrivning av kursen Den h\u00e4r onlinekursen i F\u00f6rhandlingsteknik kommer att ge dig verktyg, konkreta tips och goda r\u00e5d som g\u00f6r att du garanterat kommer att\",\"breadcrumb\":{\"@id\":\"https:\\\/\\\/cognosis.se\\\/onlinekurs-forhandlingsteknik-steg-1\\\/#breadcrumb\"},\"inLanguage\":\"en-US\",\"potentialAction\":[{\"@type\":\"ReadAction\",\"target\":[\"https:\\\/\\\/cognosis.se\\\/onlinekurs-forhandlingsteknik-steg-1\\\/\"]}]},{\"@type\":\"ImageObject\",\"inLanguage\":\"en-US\",\"@id\":\"https:\\\/\\\/cognosis.se\\\/onlinekurs-forhandlingsteknik-steg-1\\\/#primaryimage\",\"url\":\"https:\\\/\\\/cognosis.se\\\/wp-content\\\/uploads\\\/2016\\\/01\\\/forhandlingsteknik_steg_1_hero_bg.jpg\",\"contentUrl\":\"https:\\\/\\\/cognosis.se\\\/wp-content\\\/uploads\\\/2016\\\/01\\\/forhandlingsteknik_steg_1_hero_bg.jpg\",\"width\":1920,\"height\":825},{\"@type\":\"BreadcrumbList\",\"@id\":\"https:\\\/\\\/cognosis.se\\\/onlinekurs-forhandlingsteknik-steg-1\\\/#breadcrumb\",\"itemListElement\":[{\"@type\":\"ListItem\",\"position\":1,\"name\":\"Hem\",\"item\":\"https:\\\/\\\/cognosis.se\\\/\"},{\"@type\":\"ListItem\",\"position\":2,\"name\":\"Onlinekurs F\u00f6rhandlingsteknik steg 1\"}]},{\"@type\":\"WebSite\",\"@id\":\"https:\\\/\\\/cognosis.se\\\/#website\",\"url\":\"https:\\\/\\\/cognosis.se\\\/\",\"name\":\"Cognosis\",\"description\":\"Communication skills training\",\"publisher\":{\"@id\":\"https:\\\/\\\/cognosis.se\\\/#organization\"},\"potentialAction\":[{\"@type\":\"SearchAction\",\"target\":{\"@type\":\"EntryPoint\",\"urlTemplate\":\"https:\\\/\\\/cognosis.se\\\/?s={search_term_string}\"},\"query-input\":{\"@type\":\"PropertyValueSpecification\",\"valueRequired\":true,\"valueName\":\"search_term_string\"}}],\"inLanguage\":\"en-US\"},{\"@type\":\"Organization\",\"@id\":\"https:\\\/\\\/cognosis.se\\\/#organization\",\"name\":\"Cognosis AB\",\"url\":\"https:\\\/\\\/cognosis.se\\\/\",\"logo\":{\"@type\":\"ImageObject\",\"inLanguage\":\"en-US\",\"@id\":\"https:\\\/\\\/cognosis.se\\\/#\\\/schema\\\/logo\\\/image\\\/\",\"url\":\"https:\\\/\\\/cognosis.se\\\/wp-content\\\/uploads\\\/2016\\\/01\\\/Cognosis-vertikal-logo-blaa-sidfot.png\",\"contentUrl\":\"https:\\\/\\\/cognosis.se\\\/wp-content\\\/uploads\\\/2016\\\/01\\\/Cognosis-vertikal-logo-blaa-sidfot.png\",\"width\":149,\"height\":33,\"caption\":\"Cognosis AB\"},\"image\":{\"@id\":\"https:\\\/\\\/cognosis.se\\\/#\\\/schema\\\/logo\\\/image\\\/\"}}]}<\/script>\n<!-- \/ Yoast SEO plugin. -->","yoast_head_json":{"title":"Onlinekurs F\u00f6rhandlingsteknik steg 1 - Cognosis","robots":{"index":"index","follow":"follow","max-snippet":"max-snippet:-1","max-image-preview":"max-image-preview:large","max-video-preview":"max-video-preview:-1"},"canonical":"https:\/\/cognosis.se\/onlinekurs-forhandlingsteknik-steg-1\/","og_locale":"en_US","og_type":"article","og_title":"Onlinekurs F\u00f6rhandlingsteknik steg 1 - Cognosis","og_url":"https:\/\/cognosis.se\/onlinekurs-forhandlingsteknik-steg-1\/","og_site_name":"Cognosis","article_modified_time":"2023-03-13T08:32:01+00:00","og_image":[{"width":1920,"height":825,"url":"https:\/\/cognosis.se\/wp-content\/uploads\/2016\/01\/forhandlingsteknik_steg_1_hero_bg.jpg","type":"image\/jpeg"}],"twitter_card":"summary_large_image","twitter_misc":{"Est. reading time":"3 minutes"},"schema":{"@context":"https:\/\/schema.org","@graph":[{"@type":"WebPage","@id":"https:\/\/cognosis.se\/onlinekurs-forhandlingsteknik-steg-1\/","url":"https:\/\/cognosis.se\/onlinekurs-forhandlingsteknik-steg-1\/","name":"Onlinekurs F\u00f6rhandlingsteknik steg 1 - Cognosis","isPartOf":{"@id":"https:\/\/cognosis.se\/#website"},"primaryImageOfPage":{"@id":"https:\/\/cognosis.se\/onlinekurs-forhandlingsteknik-steg-1\/#primaryimage"},"image":{"@id":"https:\/\/cognosis.se\/onlinekurs-forhandlingsteknik-steg-1\/#primaryimage"},"thumbnailUrl":"https:\/\/cognosis.se\/wp-content\/uploads\/2016\/01\/forhandlingsteknik_steg_1_hero_bg.jpg","datePublished":"2023-03-10T11:53:04+00:00","dateModified":"2023-03-13T08:32:01+00:00","description":"Beskrivning av kursen Den h\u00e4r onlinekursen i F\u00f6rhandlingsteknik kommer att ge dig verktyg, konkreta tips och goda r\u00e5d som g\u00f6r att du garanterat kommer att","breadcrumb":{"@id":"https:\/\/cognosis.se\/onlinekurs-forhandlingsteknik-steg-1\/#breadcrumb"},"inLanguage":"en-US","potentialAction":[{"@type":"ReadAction","target":["https:\/\/cognosis.se\/onlinekurs-forhandlingsteknik-steg-1\/"]}]},{"@type":"ImageObject","inLanguage":"en-US","@id":"https:\/\/cognosis.se\/onlinekurs-forhandlingsteknik-steg-1\/#primaryimage","url":"https:\/\/cognosis.se\/wp-content\/uploads\/2016\/01\/forhandlingsteknik_steg_1_hero_bg.jpg","contentUrl":"https:\/\/cognosis.se\/wp-content\/uploads\/2016\/01\/forhandlingsteknik_steg_1_hero_bg.jpg","width":1920,"height":825},{"@type":"BreadcrumbList","@id":"https:\/\/cognosis.se\/onlinekurs-forhandlingsteknik-steg-1\/#breadcrumb","itemListElement":[{"@type":"ListItem","position":1,"name":"Hem","item":"https:\/\/cognosis.se\/"},{"@type":"ListItem","position":2,"name":"Onlinekurs F\u00f6rhandlingsteknik steg 1"}]},{"@type":"WebSite","@id":"https:\/\/cognosis.se\/#website","url":"https:\/\/cognosis.se\/","name":"Cognosis","description":"Communication skills training","publisher":{"@id":"https:\/\/cognosis.se\/#organization"},"potentialAction":[{"@type":"SearchAction","target":{"@type":"EntryPoint","urlTemplate":"https:\/\/cognosis.se\/?s={search_term_string}"},"query-input":{"@type":"PropertyValueSpecification","valueRequired":true,"valueName":"search_term_string"}}],"inLanguage":"en-US"},{"@type":"Organization","@id":"https:\/\/cognosis.se\/#organization","name":"Cognosis AB","url":"https:\/\/cognosis.se\/","logo":{"@type":"ImageObject","inLanguage":"en-US","@id":"https:\/\/cognosis.se\/#\/schema\/logo\/image\/","url":"https:\/\/cognosis.se\/wp-content\/uploads\/2016\/01\/Cognosis-vertikal-logo-blaa-sidfot.png","contentUrl":"https:\/\/cognosis.se\/wp-content\/uploads\/2016\/01\/Cognosis-vertikal-logo-blaa-sidfot.png","width":149,"height":33,"caption":"Cognosis AB"},"image":{"@id":"https:\/\/cognosis.se\/#\/schema\/logo\/image\/"}}]}},"_links":{"self":[{"href":"https:\/\/cognosis.se\/en\/wp-json\/wp\/v2\/pages\/4205","targetHints":{"allow":["GET"]}}],"collection":[{"href":"https:\/\/cognosis.se\/en\/wp-json\/wp\/v2\/pages"}],"about":[{"href":"https:\/\/cognosis.se\/en\/wp-json\/wp\/v2\/types\/page"}],"author":[{"embeddable":true,"href":"https:\/\/cognosis.se\/en\/wp-json\/wp\/v2\/users\/8"}],"replies":[{"embeddable":true,"href":"https:\/\/cognosis.se\/en\/wp-json\/wp\/v2\/comments?post=4205"}],"version-history":[{"count":7,"href":"https:\/\/cognosis.se\/en\/wp-json\/wp\/v2\/pages\/4205\/revisions"}],"predecessor-version":[{"id":4390,"href":"https:\/\/cognosis.se\/en\/wp-json\/wp\/v2\/pages\/4205\/revisions\/4390"}],"wp:featuredmedia":[{"embeddable":true,"href":"https:\/\/cognosis.se\/en\/wp-json\/wp\/v2\/media\/3884"}],"wp:attachment":[{"href":"https:\/\/cognosis.se\/en\/wp-json\/wp\/v2\/media?parent=4205"}],"curies":[{"name":"wp","href":"https:\/\/api.w.org\/{rel}","templated":true}]}}