{"id":62,"date":"2016-01-19T10:50:03","date_gmt":"2016-01-19T09:50:03","guid":{"rendered":"http:\/\/cognosis.hosterspace.com\/?page_id=62"},"modified":"2024-11-20T08:22:00","modified_gmt":"2024-11-20T07:22:00","slug":"om-oss","status":"publish","type":"page","link":"https:\/\/cognosis.se\/en\/om-oss\/","title":{"rendered":"About us"},"content":{"rendered":"<h1>Our Core Competence is\u00a0designing and delivering targeted, great training.<\/h1>\n<p>Cognosis\u00b4 trademark is our highly interactive\u00a0training programmes with reality based case studies\u00a0putting our participants right in the learning hotspot.\u00a0To attend a Cognosis training programme is to\u00a0experience intensive and tough high level training.\u00a0The secret behind the top evaluations we get from\u00a0our participants is our unique training methodology,\u00a0EAT. Our seminars hold three key elements:<br \/>\n\u2022 Experience<br \/>\n\u2022 Analysis<br \/>\n\u2022 Theory<\/p>\n<p>Our training is based on academic theories in\u00a0combination with best business practise, realistic\u00a0exercises and personalised feedback from a trainer\u00a0with wide business\u00a0 know-how and a vast international\u00a0experience.\u00a0Each seminar we run is tailor-made to our client\u00b4s\u00a0organisation, market and the people we train. To\u00a0ensure an optimal, targeted training programme,\u00a0we conduct a careful pre-study which includes\u00a0interviews and pre-course questionnaires. Finally\u00a0we design reality based case studies and excercises,\u00a0aimed at maximizing your learning experience \u2013 our\u00a0most unique competence.<\/p>\n<p>Our International training programmes are run onsite\u00a0or in a conference venue in a location of your\u00a0choice, be it Berlin, Hong Kong, Mumbai, California or\u00a0Copenhagen. Or any other place you need us to be.<\/p>\n<p>Cognosis was founded in 1993 and since then we have\u00a0trained thousands of professionals from a wide range\u00a0of businesses from all over the world. We have become\u00a0known for our outstanding training methodology, our\u00a0business acumen and our ability to include spot-on\u00a0personal feedback in our training programmes.\u00a0The Cognosis faculty consists of experienced\u00a0international trainers with an academic background,\u00a0pedagogic acumen and business know-how. We also\u00a0teach at business schools, write articles and books.\u00a0Cognosis is based in Stockholm, Sweden.<\/p>\n<p>Our most popular seminars are\u00a0International Business Negotiations,\u00a0Targeted Business Presentations,\u00a0 International Business Code and\u00a0International Management Skills.<br \/>\nWe can offer you training in the language you prefer, anywhere in the world, as well as project management and administration in English. You will get consistency in your international training programmes, guaranteed quality and professional trainers, wherever you operate.<\/p>\n","protected":false},"excerpt":{"rendered":"Our Core Competence is\u00a0designing and delivering targeted, great training. Cognosis\u00b4 trademark is our highly interactive\u00a0training programmes with reality based case studies\u00a0putting our participants right in the learning hotspot.\u00a0To attend a Cognosis training programme is to\u00a0experience intensive and tough high level training.\u00a0The secret behind the top evaluations we get from\u00a0our participants is our unique training methodology,\u00a0EAT. [&hellip;]","protected":false},"author":4,"featured_media":4425,"parent":0,"menu_order":0,"comment_status":"closed","ping_status":"closed","template":"template-undersida.php","meta":{"_acf_changed":false,"inline_featured_image":false,"_glsr_average":0,"_glsr_ranking":0,"_glsr_reviews":0,"footnotes":""},"class_list":["post-62","page","type-page","status-publish","has-post-thumbnail","hentry"],"translation":{"provider":"WPGlobus","version":"3.0.2","language":"en","enabled_languages":["sv","en"],"languages":{"sv":{"title":true,"content":true,"excerpt":false},"en":{"title":true,"content":true,"excerpt":false}}},"acf":[],"yoast_head":"<!-- This site is optimized with the Yoast SEO plugin v27.5 - https:\/\/yoast.com\/product\/yoast-seo-wordpress\/ -->\n<title>About us - Cognosis<\/title>\n<meta name=\"robots\" content=\"index, follow, max-snippet:-1, max-image-preview:large, max-video-preview:-1\" \/>\n<link rel=\"canonical\" href=\"https:\/\/cognosis.se\/om-oss\/\" \/>\n<meta property=\"og:locale\" content=\"en_US\" \/>\n<meta property=\"og:type\" content=\"article\" \/>\n<meta property=\"og:title\" content=\"About us - Cognosis\" \/>\n<meta property=\"og:url\" content=\"https:\/\/cognosis.se\/om-oss\/\" \/>\n<meta property=\"og:site_name\" content=\"Cognosis\" \/>\n<meta property=\"article:modified_time\" content=\"2024-11-20T07:22:00+00:00\" \/>\n<meta property=\"og:image\" content=\"https:\/\/cognosis.se\/wp-content\/uploads\/2023\/11\/Cognosis-trainers-ny-bild-AN-2023.jpg\" \/>\n\t<meta property=\"og:image:width\" content=\"1800\" \/>\n\t<meta property=\"og:image:height\" content=\"450\" \/>\n\t<meta property=\"og:image:type\" content=\"image\/jpeg\" \/>\n<meta name=\"twitter:card\" content=\"summary_large_image\" \/>\n<meta name=\"twitter:label1\" content=\"Est. reading time\" \/>\n\t<meta name=\"twitter:data1\" content=\"3 minutes\" \/>\n<script type=\"application\/ld+json\" class=\"yoast-schema-graph\">{\"@context\":\"https:\\\/\\\/schema.org\",\"@graph\":[{\"@type\":\"WebPage\",\"@id\":\"https:\\\/\\\/cognosis.se\\\/om-oss\\\/\",\"url\":\"https:\\\/\\\/cognosis.se\\\/om-oss\\\/\",\"name\":\"About us - Cognosis\",\"isPartOf\":{\"@id\":\"https:\\\/\\\/cognosis.se\\\/#website\"},\"primaryImageOfPage\":{\"@id\":\"https:\\\/\\\/cognosis.se\\\/om-oss\\\/#primaryimage\"},\"image\":{\"@id\":\"https:\\\/\\\/cognosis.se\\\/om-oss\\\/#primaryimage\"},\"thumbnailUrl\":\"https:\\\/\\\/cognosis.se\\\/wp-content\\\/uploads\\\/2023\\\/11\\\/Cognosis-trainers-ny-bild-AN-2023.jpg\",\"datePublished\":\"2016-01-19T09:50:03+00:00\",\"dateModified\":\"2024-11-20T07:22:00+00:00\",\"description\":\"{:sv}Framg\u00e5ngsrik aff\u00e4rskommunikation F\u00f6r att vara framg\u00e5ngsrik i sin yrkesroll kr\u00e4vs det att man - f\u00f6rutom relevanta fackkunskaper - har f\u00f6rm\u00e5ga att\",\"breadcrumb\":{\"@id\":\"https:\\\/\\\/cognosis.se\\\/om-oss\\\/#breadcrumb\"},\"inLanguage\":\"en-US\",\"potentialAction\":[{\"@type\":\"ReadAction\",\"target\":[\"https:\\\/\\\/cognosis.se\\\/om-oss\\\/\"]}]},{\"@type\":\"ImageObject\",\"inLanguage\":\"en-US\",\"@id\":\"https:\\\/\\\/cognosis.se\\\/om-oss\\\/#primaryimage\",\"url\":\"https:\\\/\\\/cognosis.se\\\/wp-content\\\/uploads\\\/2023\\\/11\\\/Cognosis-trainers-ny-bild-AN-2023.jpg\",\"contentUrl\":\"https:\\\/\\\/cognosis.se\\\/wp-content\\\/uploads\\\/2023\\\/11\\\/Cognosis-trainers-ny-bild-AN-2023.jpg\",\"width\":1800,\"height\":450},{\"@type\":\"BreadcrumbList\",\"@id\":\"https:\\\/\\\/cognosis.se\\\/om-oss\\\/#breadcrumb\",\"itemListElement\":[{\"@type\":\"ListItem\",\"position\":1,\"name\":\"Hem\",\"item\":\"https:\\\/\\\/cognosis.se\\\/\"},{\"@type\":\"ListItem\",\"position\":2,\"name\":\"Om oss\"}]},{\"@type\":\"WebSite\",\"@id\":\"https:\\\/\\\/cognosis.se\\\/#website\",\"url\":\"https:\\\/\\\/cognosis.se\\\/\",\"name\":\"Cognosis\",\"description\":\"Communication skills training\",\"publisher\":{\"@id\":\"https:\\\/\\\/cognosis.se\\\/#organization\"},\"potentialAction\":[{\"@type\":\"SearchAction\",\"target\":{\"@type\":\"EntryPoint\",\"urlTemplate\":\"https:\\\/\\\/cognosis.se\\\/?s={search_term_string}\"},\"query-input\":{\"@type\":\"PropertyValueSpecification\",\"valueRequired\":true,\"valueName\":\"search_term_string\"}}],\"inLanguage\":\"en-US\"},{\"@type\":\"Organization\",\"@id\":\"https:\\\/\\\/cognosis.se\\\/#organization\",\"name\":\"Cognosis AB\",\"url\":\"https:\\\/\\\/cognosis.se\\\/\",\"logo\":{\"@type\":\"ImageObject\",\"inLanguage\":\"en-US\",\"@id\":\"https:\\\/\\\/cognosis.se\\\/#\\\/schema\\\/logo\\\/image\\\/\",\"url\":\"https:\\\/\\\/cognosis.se\\\/wp-content\\\/uploads\\\/2016\\\/01\\\/Cognosis-vertikal-logo-blaa-sidfot.png\",\"contentUrl\":\"https:\\\/\\\/cognosis.se\\\/wp-content\\\/uploads\\\/2016\\\/01\\\/Cognosis-vertikal-logo-blaa-sidfot.png\",\"width\":149,\"height\":33,\"caption\":\"Cognosis AB\"},\"image\":{\"@id\":\"https:\\\/\\\/cognosis.se\\\/#\\\/schema\\\/logo\\\/image\\\/\"}}]}<\/script>\n<!-- \/ Yoast SEO plugin. -->","yoast_head_json":{"title":"About us - Cognosis","robots":{"index":"index","follow":"follow","max-snippet":"max-snippet:-1","max-image-preview":"max-image-preview:large","max-video-preview":"max-video-preview:-1"},"canonical":"https:\/\/cognosis.se\/om-oss\/","og_locale":"en_US","og_type":"article","og_title":"About us - Cognosis","og_url":"https:\/\/cognosis.se\/om-oss\/","og_site_name":"Cognosis","article_modified_time":"2024-11-20T07:22:00+00:00","og_image":[{"width":1800,"height":450,"url":"https:\/\/cognosis.se\/wp-content\/uploads\/2023\/11\/Cognosis-trainers-ny-bild-AN-2023.jpg","type":"image\/jpeg"}],"twitter_card":"summary_large_image","twitter_misc":{"Est. reading time":"3 minutes"},"schema":{"@context":"https:\/\/schema.org","@graph":[{"@type":"WebPage","@id":"https:\/\/cognosis.se\/om-oss\/","url":"https:\/\/cognosis.se\/om-oss\/","name":"About us - Cognosis","isPartOf":{"@id":"https:\/\/cognosis.se\/#website"},"primaryImageOfPage":{"@id":"https:\/\/cognosis.se\/om-oss\/#primaryimage"},"image":{"@id":"https:\/\/cognosis.se\/om-oss\/#primaryimage"},"thumbnailUrl":"https:\/\/cognosis.se\/wp-content\/uploads\/2023\/11\/Cognosis-trainers-ny-bild-AN-2023.jpg","datePublished":"2016-01-19T09:50:03+00:00","dateModified":"2024-11-20T07:22:00+00:00","description":"{:sv}Framg\u00e5ngsrik aff\u00e4rskommunikation F\u00f6r att vara framg\u00e5ngsrik i sin yrkesroll kr\u00e4vs det att man - f\u00f6rutom relevanta fackkunskaper - har f\u00f6rm\u00e5ga att","breadcrumb":{"@id":"https:\/\/cognosis.se\/om-oss\/#breadcrumb"},"inLanguage":"en-US","potentialAction":[{"@type":"ReadAction","target":["https:\/\/cognosis.se\/om-oss\/"]}]},{"@type":"ImageObject","inLanguage":"en-US","@id":"https:\/\/cognosis.se\/om-oss\/#primaryimage","url":"https:\/\/cognosis.se\/wp-content\/uploads\/2023\/11\/Cognosis-trainers-ny-bild-AN-2023.jpg","contentUrl":"https:\/\/cognosis.se\/wp-content\/uploads\/2023\/11\/Cognosis-trainers-ny-bild-AN-2023.jpg","width":1800,"height":450},{"@type":"BreadcrumbList","@id":"https:\/\/cognosis.se\/om-oss\/#breadcrumb","itemListElement":[{"@type":"ListItem","position":1,"name":"Hem","item":"https:\/\/cognosis.se\/"},{"@type":"ListItem","position":2,"name":"Om oss"}]},{"@type":"WebSite","@id":"https:\/\/cognosis.se\/#website","url":"https:\/\/cognosis.se\/","name":"Cognosis","description":"Communication skills training","publisher":{"@id":"https:\/\/cognosis.se\/#organization"},"potentialAction":[{"@type":"SearchAction","target":{"@type":"EntryPoint","urlTemplate":"https:\/\/cognosis.se\/?s={search_term_string}"},"query-input":{"@type":"PropertyValueSpecification","valueRequired":true,"valueName":"search_term_string"}}],"inLanguage":"en-US"},{"@type":"Organization","@id":"https:\/\/cognosis.se\/#organization","name":"Cognosis AB","url":"https:\/\/cognosis.se\/","logo":{"@type":"ImageObject","inLanguage":"en-US","@id":"https:\/\/cognosis.se\/#\/schema\/logo\/image\/","url":"https:\/\/cognosis.se\/wp-content\/uploads\/2016\/01\/Cognosis-vertikal-logo-blaa-sidfot.png","contentUrl":"https:\/\/cognosis.se\/wp-content\/uploads\/2016\/01\/Cognosis-vertikal-logo-blaa-sidfot.png","width":149,"height":33,"caption":"Cognosis AB"},"image":{"@id":"https:\/\/cognosis.se\/#\/schema\/logo\/image\/"}}]}},"_links":{"self":[{"href":"https:\/\/cognosis.se\/en\/wp-json\/wp\/v2\/pages\/62","targetHints":{"allow":["GET"]}}],"collection":[{"href":"https:\/\/cognosis.se\/en\/wp-json\/wp\/v2\/pages"}],"about":[{"href":"https:\/\/cognosis.se\/en\/wp-json\/wp\/v2\/types\/page"}],"author":[{"embeddable":true,"href":"https:\/\/cognosis.se\/en\/wp-json\/wp\/v2\/users\/4"}],"replies":[{"embeddable":true,"href":"https:\/\/cognosis.se\/en\/wp-json\/wp\/v2\/comments?post=62"}],"version-history":[{"count":16,"href":"https:\/\/cognosis.se\/en\/wp-json\/wp\/v2\/pages\/62\/revisions"}],"predecessor-version":[{"id":5829,"href":"https:\/\/cognosis.se\/en\/wp-json\/wp\/v2\/pages\/62\/revisions\/5829"}],"wp:featuredmedia":[{"embeddable":true,"href":"https:\/\/cognosis.se\/en\/wp-json\/wp\/v2\/media\/4425"}],"wp:attachment":[{"href":"https:\/\/cognosis.se\/en\/wp-json\/wp\/v2\/media?parent=62"}],"curies":[{"name":"wp","href":"https:\/\/api.w.org\/{rel}","templated":true}]}}