{"id":654,"date":"2016-02-19T14:06:32","date_gmt":"2016-02-19T13:06:32","guid":{"rendered":"http:\/\/cognosis.hosterspace.com\/?page_id=654"},"modified":"2020-01-22T11:38:07","modified_gmt":"2020-01-22T10:38:07","slug":"inkoparakademin","status":"publish","type":"page","link":"https:\/\/cognosis.se\/en\/inkoparakademin\/","title":{"rendered":"F\u00f6retagsanpassat utbildningsprogram f\u00f6r Ink\u00f6pare"},"content":{"rendered":"<p>Ink\u00f6parutbildningen utg\u00f6r ett program best\u00e5ende av ett valfritt antal delkurser (svensk eller internationell inriktning) som riktar sig till ink\u00f6pare, kategorichefer, ink\u00f6psassistenter och alla som arbetar med supply and sourcing. Att kunna f\u00f6rhandla, s\u00e4tta scenen och jobba aktivt med sina leverant\u00f6rer och avtal \u00e4r en f\u00f6ruts\u00e4ttning f\u00f6r att man ska lyckas i sitt jobb som ink\u00f6pare.<\/p>\n<p>Inneh\u00e5llet i ink\u00f6parutbildningen skr\u00e4ddarsys efter ert f\u00f6retag, er bransch och de processer ni jobbar med p\u00e5 ink\u00f6pssidan (supply chain etc). Hela utbildningsprogrammet bygger p\u00e5 verklighetsbaserade case och aktuella situationer, och ska ligga i linje med er strategi. Det kommer att ge en mycket realistisk tr\u00e4ning och en utbildning som \u00e4r dagsaktuell. Ni kommer att f\u00e5 m\u00f6jlighet att finslipa strategi och taktik i en trygg milj\u00f6 innan ni g\u00e5r ut i skarpt l\u00e4ge.<\/p>\n<p>Kursledare finns tillg\u00e4nglig som bollplank under tiden man g\u00e5r kursen, och hj\u00e4lper deltagarna att anv\u00e4nda verktyg, teknik och insikter fr\u00e5n kursen i sin yrkesroll. Allt f\u00f6r att ni ska bli s\u00e5 framg\u00e5ngsrika och skickliga som m\u00f6jligt som ink\u00f6pare.<\/p>\n<p><strong>\u00d6versikt av de kurser som vanligtvis ing\u00e5r i Ink\u00f6parutbildningen:<\/strong><\/p>\n<ul>\n<li><strong>Kurs I:<\/strong> <a href=\"https:\/\/cognosis.se\/forhandlingsteknik-steg-1\/\">F\u00f6rhandlingsteknik steg I<\/a><\/li>\n<li><strong>Kurs II:<\/strong> <a href=\"https:\/\/cognosis.se\/forhandlingsteknik-steg-2\/\">F\u00f6rhandlingsteknik steg II<\/a><\/li>\n<li><strong>Kurs III:<\/strong> <a href=\"https:\/\/cognosis.se\/retorik-och-argumentationsteknik\/\">Retorik \u2013 att argumentera och f\u00e5 motparten p\u00e5 din sida<\/a><\/li>\n<li><strong>Kurs IV:<\/strong> <a href=\"https:\/\/cognosis.se\/presentationsteknik\/\">Presentationsteknik<\/a><\/li>\n<li><strong>Kurs V:<\/strong> <a href=\"https:\/\/cognosis.se\/international-business-negotiations\/\">Internationell F\u00f6rhandlingsteknik<\/a><\/li>\n<li><strong>Kurs VI<\/strong>: <a href=\"https:\/\/cognosis.se\/psychology-retreat\/\">Praktisk Psykologi och sj\u00e4lvk\u00e4nnedom, personlig SWOT<\/a><\/li>\n<\/ul>\n<p><strong>Kurs I: F\u00f6rhandlingsteknik, steg I<\/strong><br \/>\nInk\u00f6parutbildningen inleds med F\u00f6rhandlingsteknik, steg I. P\u00e5 den kursen kommer deltagarna att f\u00e5 effektiva metoder och tr\u00e4ning f\u00f6r att \u00f6ka sin skicklighet och m\u00e5lmedvetenhet som f\u00f6rhandlare. Man kommer att f\u00e5 verktyg f\u00f6r att att planera och genomf\u00f6ra sina f\u00f6rhandlingar, \u00e4ga agendan och s\u00e4tta scenen. Kursen bygger p\u00e5 verklighetsbaserade case, d\u00e4r man hela tiden oms\u00e4tter teori i handling. M\u00e5let \u00e4r att ha genomt\u00e4nkt strategi, kunna l\u00e4sa situationen och motparten och \u00f6ka sina m\u00f6jligheter att landa f\u00f6rhandlingen d\u00e4r man vill.<\/p>\n<p><strong>Kurs II: P\u00e5byggnadskurs i F\u00f6rhandlingsteknik, steg II<\/strong><br \/>\nI p\u00e5byggnadskursen \u00f6kar sv\u00e5righeten. H\u00e4r g\u00e5r vi in p\u00e5 komplexare f\u00f6rhandlingar och f\u00f6rhandlar b\u00e5de i underl\u00e4ge och i \u00f6verl\u00e4ge. Enskilt och i team. Ni kommer att f\u00e5 tr\u00e4na er att f\u00f6rhandla i aktuella, specialframtagna case, och tr\u00e4nar er att hantera sv\u00e5rare situationer, hot och tidspress. Deltagarna kommer att se vilka starka sidor de har som f\u00f6rhandlare, vilken som \u00e4r deras prim\u00e4ra f\u00f6rhandlarstil och vad man har f\u00f6r svaga sidor som f\u00f6rhandlare beh\u00f6ver se upp med. Man kommer ocks\u00e5 att f\u00e5 tr\u00e4ning att uppt\u00e4cka och hantera fallgropar i en f\u00f6rhandling.<\/p>\n<p><strong>Kurs III: Retorik<\/strong><br \/>\nI den h\u00e4r delkursen f\u00e5r ni de retoriska verktygen ni beh\u00f6ver f\u00f6r att ta fram argument f\u00f6r er f\u00f6rhandlingslinje, er nul\u00e4gesanalys eller era bud. Det kan ocks\u00e5 g\u00e4lla att utarbeta en gemensam kommunikationsstrategi inf\u00f6r en f\u00f6r\u00e4ndring ni vill driva, f\u00f6r att kunna hitta r\u00e4tt infallsvinkel och f\u00f6ra fram er st\u00e5ndpunkt p\u00e5 ett vederh\u00e4ftigt och \u00f6vertygande s\u00e4tt, samtidigt som ni f\u00e5r era leverant\u00f6rer p\u00e5 din sida. Ni f\u00e5r ocks\u00e5 tr\u00e4na er att hantera inv\u00e4ndningar och bem\u00f6ta kritik p\u00e5 ett konstruktivt s\u00e4tt. Lika viktigt \u00e4r det att kunna f\u00f6ra fram dina id\u00e9er och f\u00f6rslag p\u00e5 interna m\u00f6ten, och f\u00e5 f\u00f6rst\u00e5else och accept p\u00e5 er linje.<\/p>\n<p><strong>Kurs IV: Presentationsteknik<\/strong><br \/>\nSom ink\u00f6pare beh\u00f6ver man vara en skicklig kommunikat\u00f6r, b\u00e5de externt och internt. I vissa situationer beh\u00f6ver man kunna presentera en m\u00e5lbild och en kravspecifikation f\u00f6r sin leverant\u00f6r f\u00f6r att s\u00e4kerst\u00e4lla att de verkligen f\u00f6rst\u00e5r kravspecen, leverabler och kriterier, vad man vill \u00e5stadkomma. I andra situationer beh\u00f6ver man kunna presentera en marknadsanalys eller andra fakta f\u00f6r att f\u00e5 leverant\u00f6ren att inse att deras f\u00f6rv\u00e4ntningar inte matchar dina. Som ink\u00f6pare kan man ocks\u00e5 beh\u00f6va presentera ett avtal eller en ny produkt internt f\u00f6r s\u00e4ljk\u00e5ren eller andra intressenter. Att d\u00e5 kunna f\u00e5 fram sitt k\u00e4rnbudskap p\u00e5 ett glasklart s\u00e4tt, ha en r\u00f6d tr\u00e5d och framf\u00f6r allt ha ett lugnt, professionellt och s\u00e4kert framf\u00f6rande \u00e4r viktigt. Det tr\u00e4nar vi p\u00e5 i den h\u00e4r kursen.<\/p>\n<p><strong>Kurs V: Internationell F\u00f6rhandlingsteknik<\/strong><br \/>\nI den h\u00e4r delkursen g\u00e5r vi in p\u00e5 spelreglerna som g\u00e4ller n\u00e4r man f\u00f6rhandlar p\u00e5 en internationell arena, p\u00e5 engelska. Man f\u00e5r tr\u00e4na sig att anv\u00e4nda sin taktik och strategi i olika kulturer, och vi g\u00e5r in p\u00e5 &#8220;International Business Code&#8221;, s\u00e5 att man kan anpassa sin f\u00f6rhandlingsstil n\u00e4r man m\u00f6ter leverant\u00f6rer fr\u00e5n andra kulturer. Kursen genomf\u00f6rs p\u00e5 engelska med en erfaren, internationell f\u00f6rhandlingstr\u00e4nare.<\/p>\n<p><strong>Kurs VI: Personlig SWOT; praktisk psykologi och sj\u00e4lvk\u00e4nnedom<\/strong><br \/>\nFokus i Personlig SWOT (strengths \u2013 weaknesses \u2013 opportunities \u2013 threats) \u00e4r praktisk psykologi p\u00e5 ett individplan, att f\u00f6rst\u00e5 drivkrafter, motivatorer och hinder b\u00e5de hos sig sj\u00e4lv och hos andra. Som ink\u00f6pare m\u00e5ste man kunna bygga goda relationer b\u00e5de med leverant\u00f6ren och inom sitt eget f\u00f6retag. Det \u00e4r viktigt att kunna hantera olika slags personligheter,\u00a0 beh\u00e5lla sitt lugn och inte bli provocerad, \u00e4ven n\u00e4r det uppst\u00e5r intressekonflikter. Med den h\u00e4r kursen i ryggen kommer man att f\u00f6rst\u00e5 andra m\u00e4nniskor och sig sj\u00e4lv p\u00e5 ett djupare plan, och d\u00e4rmed kunna \u00f6verbrygga hinder och undvika on\u00f6diga konflikter. Det h\u00e4r \u00e4r som en upplevelsebaserad UGL-kurs p\u00e5 individniv\u00e5.<\/p>\n","protected":false},"excerpt":{"rendered":"Ink\u00f6parutbildningen utg\u00f6r ett program best\u00e5ende av ett valfritt antal delkurser (svensk eller internationell inriktning) som riktar sig till ink\u00f6pare, kategorichefer, ink\u00f6psassistenter och alla som arbetar med supply and sourcing. Att kunna f\u00f6rhandla, s\u00e4tta scenen och jobba aktivt med sina leverant\u00f6rer och avtal \u00e4r en f\u00f6ruts\u00e4ttning f\u00f6r att man ska lyckas i sitt jobb som ink\u00f6pare. [&hellip;]","protected":false},"author":4,"featured_media":2072,"parent":0,"menu_order":0,"comment_status":"closed","ping_status":"closed","template":"template-program.php","meta":{"_acf_changed":false,"inline_featured_image":false,"_glsr_average":0,"_glsr_ranking":0,"_glsr_reviews":0,"footnotes":""},"class_list":["post-654","page","type-page","status-publish","has-post-thumbnail","hentry"],"translation":{"provider":"WPGlobus","version":"3.0.2","language":"en","enabled_languages":["sv","en"],"languages":{"sv":{"title":true,"content":true,"excerpt":false},"en":{"title":false,"content":false,"excerpt":false}}},"acf":[],"yoast_head":"<!-- This site is optimized with the Yoast SEO plugin v27.2 - https:\/\/yoast.com\/product\/yoast-seo-wordpress\/ -->\n<title>F\u00f6retagsanpassat utbildningsprogram f\u00f6r Ink\u00f6pare - Cognosis<\/title>\n<meta name=\"robots\" content=\"index, follow, max-snippet:-1, max-image-preview:large, max-video-preview:-1\" \/>\n<link rel=\"canonical\" href=\"https:\/\/cognosis.se\/inkoparakademin\/\" \/>\n<meta property=\"og:locale\" content=\"en_US\" \/>\n<meta property=\"og:type\" content=\"article\" \/>\n<meta property=\"og:title\" content=\"F\u00f6retagsanpassat utbildningsprogram f\u00f6r Ink\u00f6pare - Cognosis\" \/>\n<meta property=\"og:url\" content=\"https:\/\/cognosis.se\/inkoparakademin\/\" \/>\n<meta property=\"og:site_name\" content=\"Cognosis\" \/>\n<meta property=\"article:modified_time\" content=\"2020-01-22T10:38:07+00:00\" \/>\n<meta property=\"og:image\" content=\"https:\/\/cognosis.se\/wp-content\/uploads\/2016\/02\/AdobeStock_283177092.jpg\" \/>\n\t<meta property=\"og:image:width\" content=\"1800\" \/>\n\t<meta property=\"og:image:height\" content=\"450\" \/>\n\t<meta property=\"og:image:type\" content=\"image\/jpeg\" \/>\n<meta name=\"twitter:card\" content=\"summary_large_image\" \/>\n<meta name=\"twitter:label1\" content=\"Est. reading time\" \/>\n\t<meta name=\"twitter:data1\" content=\"5 minutes\" \/>\n<script type=\"application\/ld+json\" class=\"yoast-schema-graph\">{\"@context\":\"https:\/\/schema.org\",\"@graph\":[{\"@type\":\"WebPage\",\"@id\":\"https:\/\/cognosis.se\/inkoparakademin\/\",\"url\":\"https:\/\/cognosis.se\/inkoparakademin\/\",\"name\":\"F\u00f6retagsanpassat utbildningsprogram f\u00f6r Ink\u00f6pare - Cognosis\",\"isPartOf\":{\"@id\":\"https:\/\/cognosis.se\/#website\"},\"primaryImageOfPage\":{\"@id\":\"https:\/\/cognosis.se\/inkoparakademin\/#primaryimage\"},\"image\":{\"@id\":\"https:\/\/cognosis.se\/inkoparakademin\/#primaryimage\"},\"thumbnailUrl\":\"https:\/\/cognosis.se\/wp-content\/uploads\/2016\/02\/AdobeStock_283177092.jpg\",\"datePublished\":\"2016-02-19T13:06:32+00:00\",\"dateModified\":\"2020-01-22T10:38:07+00:00\",\"description\":\"Ink\u00f6parutbildningen utg\u00f6r ett program best\u00e5ende av ett valfritt antal delkurser (svensk eller internationell inriktning) som riktar sig till ink\u00f6pare,\",\"breadcrumb\":{\"@id\":\"https:\/\/cognosis.se\/inkoparakademin\/#breadcrumb\"},\"inLanguage\":\"en-US\",\"potentialAction\":[{\"@type\":\"ReadAction\",\"target\":[\"https:\/\/cognosis.se\/inkoparakademin\/\"]}]},{\"@type\":\"ImageObject\",\"inLanguage\":\"en-US\",\"@id\":\"https:\/\/cognosis.se\/inkoparakademin\/#primaryimage\",\"url\":\"https:\/\/cognosis.se\/wp-content\/uploads\/2016\/02\/AdobeStock_283177092.jpg\",\"contentUrl\":\"https:\/\/cognosis.se\/wp-content\/uploads\/2016\/02\/AdobeStock_283177092.jpg\",\"width\":1800,\"height\":450,\"caption\":\"F\u00f6rhandlingsteknik ink\u00f6pare\"},{\"@type\":\"BreadcrumbList\",\"@id\":\"https:\/\/cognosis.se\/inkoparakademin\/#breadcrumb\",\"itemListElement\":[{\"@type\":\"ListItem\",\"position\":1,\"name\":\"Hem\",\"item\":\"https:\/\/cognosis.se\/\"},{\"@type\":\"ListItem\",\"position\":2,\"name\":\"F\u00f6retagsanpassat utbildningsprogram f\u00f6r Ink\u00f6pare\"}]},{\"@type\":\"WebSite\",\"@id\":\"https:\/\/cognosis.se\/#website\",\"url\":\"https:\/\/cognosis.se\/\",\"name\":\"Cognosis\",\"description\":\"Communication skills training\",\"publisher\":{\"@id\":\"https:\/\/cognosis.se\/#organization\"},\"potentialAction\":[{\"@type\":\"SearchAction\",\"target\":{\"@type\":\"EntryPoint\",\"urlTemplate\":\"https:\/\/cognosis.se\/?s={search_term_string}\"},\"query-input\":{\"@type\":\"PropertyValueSpecification\",\"valueRequired\":true,\"valueName\":\"search_term_string\"}}],\"inLanguage\":\"en-US\"},{\"@type\":\"Organization\",\"@id\":\"https:\/\/cognosis.se\/#organization\",\"name\":\"Cognosis AB\",\"url\":\"https:\/\/cognosis.se\/\",\"logo\":{\"@type\":\"ImageObject\",\"inLanguage\":\"en-US\",\"@id\":\"https:\/\/cognosis.se\/#\/schema\/logo\/image\/\",\"url\":\"https:\/\/cognosis.se\/wp-content\/uploads\/2016\/01\/Cognosis-vertikal-logo-blaa-sidfot.png\",\"contentUrl\":\"https:\/\/cognosis.se\/wp-content\/uploads\/2016\/01\/Cognosis-vertikal-logo-blaa-sidfot.png\",\"width\":149,\"height\":33,\"caption\":\"Cognosis AB\"},\"image\":{\"@id\":\"https:\/\/cognosis.se\/#\/schema\/logo\/image\/\"}}]}<\/script>\n<!-- \/ Yoast SEO plugin. -->","yoast_head_json":{"title":"F\u00f6retagsanpassat utbildningsprogram f\u00f6r Ink\u00f6pare - Cognosis","robots":{"index":"index","follow":"follow","max-snippet":"max-snippet:-1","max-image-preview":"max-image-preview:large","max-video-preview":"max-video-preview:-1"},"canonical":"https:\/\/cognosis.se\/inkoparakademin\/","og_locale":"en_US","og_type":"article","og_title":"F\u00f6retagsanpassat utbildningsprogram f\u00f6r Ink\u00f6pare - Cognosis","og_url":"https:\/\/cognosis.se\/inkoparakademin\/","og_site_name":"Cognosis","article_modified_time":"2020-01-22T10:38:07+00:00","og_image":[{"width":1800,"height":450,"url":"https:\/\/cognosis.se\/wp-content\/uploads\/2016\/02\/AdobeStock_283177092.jpg","type":"image\/jpeg"}],"twitter_card":"summary_large_image","twitter_misc":{"Est. reading time":"5 minutes"},"schema":{"@context":"https:\/\/schema.org","@graph":[{"@type":"WebPage","@id":"https:\/\/cognosis.se\/inkoparakademin\/","url":"https:\/\/cognosis.se\/inkoparakademin\/","name":"F\u00f6retagsanpassat utbildningsprogram f\u00f6r Ink\u00f6pare - Cognosis","isPartOf":{"@id":"https:\/\/cognosis.se\/#website"},"primaryImageOfPage":{"@id":"https:\/\/cognosis.se\/inkoparakademin\/#primaryimage"},"image":{"@id":"https:\/\/cognosis.se\/inkoparakademin\/#primaryimage"},"thumbnailUrl":"https:\/\/cognosis.se\/wp-content\/uploads\/2016\/02\/AdobeStock_283177092.jpg","datePublished":"2016-02-19T13:06:32+00:00","dateModified":"2020-01-22T10:38:07+00:00","description":"Ink\u00f6parutbildningen utg\u00f6r ett program best\u00e5ende av ett valfritt antal delkurser (svensk eller internationell inriktning) som riktar sig till ink\u00f6pare,","breadcrumb":{"@id":"https:\/\/cognosis.se\/inkoparakademin\/#breadcrumb"},"inLanguage":"en-US","potentialAction":[{"@type":"ReadAction","target":["https:\/\/cognosis.se\/inkoparakademin\/"]}]},{"@type":"ImageObject","inLanguage":"en-US","@id":"https:\/\/cognosis.se\/inkoparakademin\/#primaryimage","url":"https:\/\/cognosis.se\/wp-content\/uploads\/2016\/02\/AdobeStock_283177092.jpg","contentUrl":"https:\/\/cognosis.se\/wp-content\/uploads\/2016\/02\/AdobeStock_283177092.jpg","width":1800,"height":450,"caption":"F\u00f6rhandlingsteknik ink\u00f6pare"},{"@type":"BreadcrumbList","@id":"https:\/\/cognosis.se\/inkoparakademin\/#breadcrumb","itemListElement":[{"@type":"ListItem","position":1,"name":"Hem","item":"https:\/\/cognosis.se\/"},{"@type":"ListItem","position":2,"name":"F\u00f6retagsanpassat utbildningsprogram f\u00f6r Ink\u00f6pare"}]},{"@type":"WebSite","@id":"https:\/\/cognosis.se\/#website","url":"https:\/\/cognosis.se\/","name":"Cognosis","description":"Communication skills training","publisher":{"@id":"https:\/\/cognosis.se\/#organization"},"potentialAction":[{"@type":"SearchAction","target":{"@type":"EntryPoint","urlTemplate":"https:\/\/cognosis.se\/?s={search_term_string}"},"query-input":{"@type":"PropertyValueSpecification","valueRequired":true,"valueName":"search_term_string"}}],"inLanguage":"en-US"},{"@type":"Organization","@id":"https:\/\/cognosis.se\/#organization","name":"Cognosis AB","url":"https:\/\/cognosis.se\/","logo":{"@type":"ImageObject","inLanguage":"en-US","@id":"https:\/\/cognosis.se\/#\/schema\/logo\/image\/","url":"https:\/\/cognosis.se\/wp-content\/uploads\/2016\/01\/Cognosis-vertikal-logo-blaa-sidfot.png","contentUrl":"https:\/\/cognosis.se\/wp-content\/uploads\/2016\/01\/Cognosis-vertikal-logo-blaa-sidfot.png","width":149,"height":33,"caption":"Cognosis AB"},"image":{"@id":"https:\/\/cognosis.se\/#\/schema\/logo\/image\/"}}]}},"_links":{"self":[{"href":"https:\/\/cognosis.se\/en\/wp-json\/wp\/v2\/pages\/654","targetHints":{"allow":["GET"]}}],"collection":[{"href":"https:\/\/cognosis.se\/en\/wp-json\/wp\/v2\/pages"}],"about":[{"href":"https:\/\/cognosis.se\/en\/wp-json\/wp\/v2\/types\/page"}],"author":[{"embeddable":true,"href":"https:\/\/cognosis.se\/en\/wp-json\/wp\/v2\/users\/4"}],"replies":[{"embeddable":true,"href":"https:\/\/cognosis.se\/en\/wp-json\/wp\/v2\/comments?post=654"}],"version-history":[{"count":5,"href":"https:\/\/cognosis.se\/en\/wp-json\/wp\/v2\/pages\/654\/revisions"}],"predecessor-version":[{"id":4382,"href":"https:\/\/cognosis.se\/en\/wp-json\/wp\/v2\/pages\/654\/revisions\/4382"}],"wp:featuredmedia":[{"embeddable":true,"href":"https:\/\/cognosis.se\/en\/wp-json\/wp\/v2\/media\/2072"}],"wp:attachment":[{"href":"https:\/\/cognosis.se\/en\/wp-json\/wp\/v2\/media?parent=654"}],"curies":[{"name":"wp","href":"https:\/\/api.w.org\/{rel}","templated":true}]}}