{"id":66,"date":"2016-01-19T10:50:43","date_gmt":"2016-01-19T09:50:43","guid":{"rendered":"http:\/\/cognosis.hosterspace.com\/?page_id=66"},"modified":"2026-02-03T17:17:32","modified_gmt":"2026-02-03T16:17:32","slug":"kontakta-oss","status":"publish","type":"page","link":"https:\/\/cognosis.se\/en\/kontakta-oss\/","title":{"rendered":"Contact"},"content":{"rendered":"<h3>Cognosis AB<\/h3>\n<p><strong>Managing Director:<\/strong> Mrs Anne Neppare<br \/>\n<strong>Direct phone:<\/strong> <a class=\"phone_link\" href=\"tel:+46705378337\">+46-70 537 83 37<\/a><br \/>\n<strong>E-mail:<\/strong> <a class=\"mail_link\" href=\"mailto:neppare@cognosis.se\">neppare@cognosis.se<\/a><\/p>\n<p><strong>Address:<\/strong> Ekbacksv\u00e4gen 22, SE-168 69 Bromma,<br \/>\n(Stockholm) SWEDEN<\/p>\n<p><strong>Office Phone:<\/strong> <a href=\"http:\/\/+468262120\">+46 8 26 21 20<\/a><br \/>\n<strong>Office E-mail<\/strong>: <a href=\"mailto:info@cognosis.se\">info@cognosis.se<\/a><\/p>\n","protected":false},"excerpt":{"rendered":"Cognosis AB Managing Director: Mrs Anne Neppare Direct phone: +46-70 537 83 37 E-mail: neppare@cognosis.se Address: Ekbacksv\u00e4gen 22, SE-168 69 Bromma, (Stockholm) SWEDEN Office Phone: +46 8 26 21 20 Office E-mail: info@cognosis.se","protected":false},"author":4,"featured_media":2419,"parent":0,"menu_order":0,"comment_status":"closed","ping_status":"closed","template":"template-undersida.php","meta":{"_acf_changed":false,"inline_featured_image":false,"_glsr_average":0,"_glsr_ranking":0,"_glsr_reviews":0,"footnotes":""},"class_list":["post-66","page","type-page","status-publish","has-post-thumbnail","hentry"],"translation":{"provider":"WPGlobus","version":"3.0.2","language":"en","enabled_languages":["sv","en"],"languages":{"sv":{"title":true,"content":true,"excerpt":false},"en":{"title":true,"content":true,"excerpt":false}}},"acf":[],"yoast_head":"<!-- This site is optimized with the Yoast SEO plugin v27.5 - https:\/\/yoast.com\/product\/yoast-seo-wordpress\/ -->\n<title>Contact - Cognosis<\/title>\n<meta name=\"robots\" content=\"index, follow, max-snippet:-1, max-image-preview:large, max-video-preview:-1\" \/>\n<link rel=\"canonical\" href=\"https:\/\/cognosis.se\/kontakta-oss\/\" \/>\n<meta property=\"og:locale\" content=\"en_US\" \/>\n<meta property=\"og:type\" content=\"article\" \/>\n<meta property=\"og:title\" content=\"Contact - Cognosis\" \/>\n<meta property=\"og:url\" content=\"https:\/\/cognosis.se\/kontakta-oss\/\" \/>\n<meta property=\"og:site_name\" content=\"Cognosis\" \/>\n<meta property=\"article:modified_time\" content=\"2026-02-03T16:17:32+00:00\" \/>\n<meta property=\"og:image\" content=\"https:\/\/cognosis.se\/wp-content\/uploads\/2016\/01\/28-jan-2020-aktuell.jpg\" \/>\n\t<meta property=\"og:image:width\" content=\"1800\" \/>\n\t<meta property=\"og:image:height\" content=\"450\" \/>\n\t<meta property=\"og:image:type\" content=\"image\/jpeg\" \/>\n<meta name=\"twitter:card\" content=\"summary_large_image\" \/>\n<meta name=\"twitter:label1\" content=\"Est. reading time\" \/>\n\t<meta name=\"twitter:data1\" content=\"1 minute\" \/>\n<script type=\"application\/ld+json\" class=\"yoast-schema-graph\">{\"@context\":\"https:\\\/\\\/schema.org\",\"@graph\":[{\"@type\":\"WebPage\",\"@id\":\"https:\\\/\\\/cognosis.se\\\/kontakta-oss\\\/\",\"url\":\"https:\\\/\\\/cognosis.se\\\/kontakta-oss\\\/\",\"name\":\"Contact - Cognosis\",\"isPartOf\":{\"@id\":\"https:\\\/\\\/cognosis.se\\\/#website\"},\"primaryImageOfPage\":{\"@id\":\"https:\\\/\\\/cognosis.se\\\/kontakta-oss\\\/#primaryimage\"},\"image\":{\"@id\":\"https:\\\/\\\/cognosis.se\\\/kontakta-oss\\\/#primaryimage\"},\"thumbnailUrl\":\"https:\\\/\\\/cognosis.se\\\/wp-content\\\/uploads\\\/2016\\\/01\\\/28-jan-2020-aktuell.jpg\",\"datePublished\":\"2016-01-19T09:50:43+00:00\",\"dateModified\":\"2026-02-03T16:17:32+00:00\",\"description\":\"{:sv}Cognosis AB Adress: Ringblomman 28 178 52 Eker\u00f6 SVERIGE (f\u00f6r post, leveranser, bes\u00f6k och fakturering). Tfn: +46-70-537 83 37 E-post:\",\"breadcrumb\":{\"@id\":\"https:\\\/\\\/cognosis.se\\\/kontakta-oss\\\/#breadcrumb\"},\"inLanguage\":\"en-US\",\"potentialAction\":[{\"@type\":\"ReadAction\",\"target\":[\"https:\\\/\\\/cognosis.se\\\/kontakta-oss\\\/\"]}]},{\"@type\":\"ImageObject\",\"inLanguage\":\"en-US\",\"@id\":\"https:\\\/\\\/cognosis.se\\\/kontakta-oss\\\/#primaryimage\",\"url\":\"https:\\\/\\\/cognosis.se\\\/wp-content\\\/uploads\\\/2016\\\/01\\\/28-jan-2020-aktuell.jpg\",\"contentUrl\":\"https:\\\/\\\/cognosis.se\\\/wp-content\\\/uploads\\\/2016\\\/01\\\/28-jan-2020-aktuell.jpg\",\"width\":1800,\"height\":450},{\"@type\":\"BreadcrumbList\",\"@id\":\"https:\\\/\\\/cognosis.se\\\/kontakta-oss\\\/#breadcrumb\",\"itemListElement\":[{\"@type\":\"ListItem\",\"position\":1,\"name\":\"Hem\",\"item\":\"https:\\\/\\\/cognosis.se\\\/\"},{\"@type\":\"ListItem\",\"position\":2,\"name\":\"Kontakta oss\"}]},{\"@type\":\"WebSite\",\"@id\":\"https:\\\/\\\/cognosis.se\\\/#website\",\"url\":\"https:\\\/\\\/cognosis.se\\\/\",\"name\":\"Cognosis\",\"description\":\"Communication skills training\",\"publisher\":{\"@id\":\"https:\\\/\\\/cognosis.se\\\/#organization\"},\"potentialAction\":[{\"@type\":\"SearchAction\",\"target\":{\"@type\":\"EntryPoint\",\"urlTemplate\":\"https:\\\/\\\/cognosis.se\\\/?s={search_term_string}\"},\"query-input\":{\"@type\":\"PropertyValueSpecification\",\"valueRequired\":true,\"valueName\":\"search_term_string\"}}],\"inLanguage\":\"en-US\"},{\"@type\":\"Organization\",\"@id\":\"https:\\\/\\\/cognosis.se\\\/#organization\",\"name\":\"Cognosis AB\",\"url\":\"https:\\\/\\\/cognosis.se\\\/\",\"logo\":{\"@type\":\"ImageObject\",\"inLanguage\":\"en-US\",\"@id\":\"https:\\\/\\\/cognosis.se\\\/#\\\/schema\\\/logo\\\/image\\\/\",\"url\":\"https:\\\/\\\/cognosis.se\\\/wp-content\\\/uploads\\\/2016\\\/01\\\/Cognosis-vertikal-logo-blaa-sidfot.png\",\"contentUrl\":\"https:\\\/\\\/cognosis.se\\\/wp-content\\\/uploads\\\/2016\\\/01\\\/Cognosis-vertikal-logo-blaa-sidfot.png\",\"width\":149,\"height\":33,\"caption\":\"Cognosis AB\"},\"image\":{\"@id\":\"https:\\\/\\\/cognosis.se\\\/#\\\/schema\\\/logo\\\/image\\\/\"}}]}<\/script>\n<!-- \/ Yoast SEO plugin. -->","yoast_head_json":{"title":"Contact - Cognosis","robots":{"index":"index","follow":"follow","max-snippet":"max-snippet:-1","max-image-preview":"max-image-preview:large","max-video-preview":"max-video-preview:-1"},"canonical":"https:\/\/cognosis.se\/kontakta-oss\/","og_locale":"en_US","og_type":"article","og_title":"Contact - Cognosis","og_url":"https:\/\/cognosis.se\/kontakta-oss\/","og_site_name":"Cognosis","article_modified_time":"2026-02-03T16:17:32+00:00","og_image":[{"width":1800,"height":450,"url":"https:\/\/cognosis.se\/wp-content\/uploads\/2016\/01\/28-jan-2020-aktuell.jpg","type":"image\/jpeg"}],"twitter_card":"summary_large_image","twitter_misc":{"Est. reading time":"1 minute"},"schema":{"@context":"https:\/\/schema.org","@graph":[{"@type":"WebPage","@id":"https:\/\/cognosis.se\/kontakta-oss\/","url":"https:\/\/cognosis.se\/kontakta-oss\/","name":"Contact - Cognosis","isPartOf":{"@id":"https:\/\/cognosis.se\/#website"},"primaryImageOfPage":{"@id":"https:\/\/cognosis.se\/kontakta-oss\/#primaryimage"},"image":{"@id":"https:\/\/cognosis.se\/kontakta-oss\/#primaryimage"},"thumbnailUrl":"https:\/\/cognosis.se\/wp-content\/uploads\/2016\/01\/28-jan-2020-aktuell.jpg","datePublished":"2016-01-19T09:50:43+00:00","dateModified":"2026-02-03T16:17:32+00:00","description":"{:sv}Cognosis AB Adress: Ringblomman 28 178 52 Eker\u00f6 SVERIGE (f\u00f6r post, leveranser, bes\u00f6k och fakturering). Tfn: +46-70-537 83 37 E-post:","breadcrumb":{"@id":"https:\/\/cognosis.se\/kontakta-oss\/#breadcrumb"},"inLanguage":"en-US","potentialAction":[{"@type":"ReadAction","target":["https:\/\/cognosis.se\/kontakta-oss\/"]}]},{"@type":"ImageObject","inLanguage":"en-US","@id":"https:\/\/cognosis.se\/kontakta-oss\/#primaryimage","url":"https:\/\/cognosis.se\/wp-content\/uploads\/2016\/01\/28-jan-2020-aktuell.jpg","contentUrl":"https:\/\/cognosis.se\/wp-content\/uploads\/2016\/01\/28-jan-2020-aktuell.jpg","width":1800,"height":450},{"@type":"BreadcrumbList","@id":"https:\/\/cognosis.se\/kontakta-oss\/#breadcrumb","itemListElement":[{"@type":"ListItem","position":1,"name":"Hem","item":"https:\/\/cognosis.se\/"},{"@type":"ListItem","position":2,"name":"Kontakta oss"}]},{"@type":"WebSite","@id":"https:\/\/cognosis.se\/#website","url":"https:\/\/cognosis.se\/","name":"Cognosis","description":"Communication skills training","publisher":{"@id":"https:\/\/cognosis.se\/#organization"},"potentialAction":[{"@type":"SearchAction","target":{"@type":"EntryPoint","urlTemplate":"https:\/\/cognosis.se\/?s={search_term_string}"},"query-input":{"@type":"PropertyValueSpecification","valueRequired":true,"valueName":"search_term_string"}}],"inLanguage":"en-US"},{"@type":"Organization","@id":"https:\/\/cognosis.se\/#organization","name":"Cognosis AB","url":"https:\/\/cognosis.se\/","logo":{"@type":"ImageObject","inLanguage":"en-US","@id":"https:\/\/cognosis.se\/#\/schema\/logo\/image\/","url":"https:\/\/cognosis.se\/wp-content\/uploads\/2016\/01\/Cognosis-vertikal-logo-blaa-sidfot.png","contentUrl":"https:\/\/cognosis.se\/wp-content\/uploads\/2016\/01\/Cognosis-vertikal-logo-blaa-sidfot.png","width":149,"height":33,"caption":"Cognosis AB"},"image":{"@id":"https:\/\/cognosis.se\/#\/schema\/logo\/image\/"}}]}},"_links":{"self":[{"href":"https:\/\/cognosis.se\/en\/wp-json\/wp\/v2\/pages\/66","targetHints":{"allow":["GET"]}}],"collection":[{"href":"https:\/\/cognosis.se\/en\/wp-json\/wp\/v2\/pages"}],"about":[{"href":"https:\/\/cognosis.se\/en\/wp-json\/wp\/v2\/types\/page"}],"author":[{"embeddable":true,"href":"https:\/\/cognosis.se\/en\/wp-json\/wp\/v2\/users\/4"}],"replies":[{"embeddable":true,"href":"https:\/\/cognosis.se\/en\/wp-json\/wp\/v2\/comments?post=66"}],"version-history":[{"count":10,"href":"https:\/\/cognosis.se\/en\/wp-json\/wp\/v2\/pages\/66\/revisions"}],"predecessor-version":[{"id":5831,"href":"https:\/\/cognosis.se\/en\/wp-json\/wp\/v2\/pages\/66\/revisions\/5831"}],"wp:featuredmedia":[{"embeddable":true,"href":"https:\/\/cognosis.se\/en\/wp-json\/wp\/v2\/media\/2419"}],"wp:attachment":[{"href":"https:\/\/cognosis.se\/en\/wp-json\/wp\/v2\/media?parent=66"}],"curies":[{"name":"wp","href":"https:\/\/api.w.org\/{rel}","templated":true}]}}