{"id":684,"date":"2016-02-22T13:27:44","date_gmt":"2016-02-22T12:27:44","guid":{"rendered":"http:\/\/cognosis.hosterspace.com\/?page_id=684"},"modified":"2020-01-29T14:09:47","modified_gmt":"2020-01-29T13:09:47","slug":"projektledarprogrammet","status":"publish","type":"page","link":"https:\/\/cognosis.se\/en\/projektledarprogrammet\/","title":{"rendered":"F\u00f6retagsanpassad Projektledarutbildning"},"content":{"rendered":"<p>Projektledarutbildningen utg\u00f6r ett program best\u00e5ende av valfritt antal delkurser (svensk eller internationell inriktning), som riktar sig till projektledare. Man kan jobba internt mot sin organisation eller externt mot kund. Fokus ligger p\u00e5 projektledarens f\u00f6rm\u00e5ga att f\u00f6rhandla, driva m\u00f6ten, motivera och presentera r\u00e4tt information f\u00f6r r\u00e4tt person vid r\u00e4tt tidpunkt.\u00a0\u00a0Det kan vara stakeholders, styrgrupp, best\u00e4llare eller slutanv\u00e4ndare.\u00a0F\u00f6r att lyckas som projektledare beh\u00f6ver man vara en skicklig kommunikat\u00f6r &#8211; <em>tekniska kunskaper r\u00e4cker inte<\/em>.<\/p>\n<p>Som projektledare har man en mycket speciell roll; man har ansvar f\u00f6r leveransen, kvalitet, funktionalitet, budget och tidplan, och framf\u00f6r allt f\u00f6r att f\u00e5 en n\u00f6jd kund. Oavsett om kunden \u00e4r extern eller intern. Projektledaren beh\u00f6ver kunna hantera of\u00f6rutsedda incidenter, hinder och situationer samt\u00a0s\u00e4kerst\u00e4lla r\u00e4tt handhavande av system och produkter. Samtidigt har projektledaren inte ett formellt personalansvar, \u00e4ger inte resurser eller agendan sj\u00e4lv. F\u00f6r att lyckas i den rollen \u00e4r det avg\u00f6rande att man som projektledare har f\u00f6rm\u00e5ga att l\u00e4gga fakta och analyser till r\u00e4tt personer p\u00e5 r\u00e4tt s\u00e4tt och kan f\u00e5 geh\u00f6r f\u00f6r f\u00f6rslag och id\u00e9er. Lika viktigt \u00e4r det att kunna driva m\u00f6ten och f\u00e5 fram beslut. Och att f\u00f6rhandla om resurser, budget och tidplan. Det kommer deltagarna att aktivt tr\u00e4na p\u00e5 i den h\u00e4r verklighetsbaserade utbildningen med aktuella situationer och kund-case. M\u00e5let \u00e4r att ha en stabil grund inom kommunikation och praktisk politik att st\u00e5 p\u00e5 i sin roll som projektledare.<\/p>\n<ul>\n<li><strong>Kurs I:\u00a0<\/strong><a href=\"https:\/\/cognosis.se\/presentationsteknik-retorik\/\">Presentationsteknik &#8211;\u00a0Att styra genom att p\u00e5verka<\/a><\/li>\n<li><strong>Kurs II:<\/strong>\u00a0<a href=\"https:\/\/cognosis.se\/train-the-trainer\/\">Pedagogik &#8211; Att utbilda projektmedlemmar och slutanv\u00e4ndare<\/a><\/li>\n<li><strong>Kurs III:<\/strong> <a href=\"https:\/\/cognosis.se\/forhandlingsteknik-steg-1\/\">F\u00f6rhandlingsteknik &#8211; att f\u00e5 r\u00e4tt resurser, tidplan och leverabler<\/a><\/li>\n<li><strong>Kurs IV:<\/strong> <a href=\"https:\/\/cognosis.se\/forhandlingsteknik-steg-2\/\">P\u00e5byggnadskurs i F\u00f6rhandlingsteknik. Att hantera avvikelser\u00a0<\/a><\/li>\n<li><strong>Kurs V:<\/strong> <a href=\"https:\/\/cognosis.se\/psychology-retreat\/\">Praktisk Psykologi, Personlig SWOT<\/a><\/li>\n<li><strong>Kurs VI:<\/strong> <a href=\"https:\/\/cognosis.se\/customer-communication\/\">International Customer Communication<\/a><\/li>\n<\/ul>\n<p>Deltagarna kommer att ha kursledaren som mentor genom hela utbildningen f\u00f6r att man ska f\u00e5 hj\u00e4lp att anv\u00e4nda verktyg, metoder och insikter fr\u00e5n kursen i sin yrkesroll. Allt f\u00f6r att man ska bli en framg\u00e5ngsrik och skicklig projektledare.<\/p>\n<p><b>Kurs I:\u00a0<\/b><strong>Presentationsteknik: Att styra genom att p\u00e5verka<\/strong><br \/>\nSom projektledare \u00e4r det en enorm styrka att vara en \u00f6vertygande presentat\u00f6r. Man beh\u00f6ver vara vara skicklig p\u00e5 att presentera m\u00e5l, direktiv och riktlinjer p\u00e5 r\u00e4tt s\u00e4tt f\u00f6r projektdeltagare och andra intressenter. Att kunna f\u00e5 acceptans, uppslutning och &#8220;buy-in\u201c fr\u00e5n sin styrgrupp och \u00f6vriga stakeholders \u00e4r avg\u00f6rande. Som projektledare beh\u00f6ver man veta hur man ska l\u00e4gga fram information, skapa f\u00f6rtroende, kunna f\u00f6rklara verksamhets- och kundnyttan och hantera fr\u00e5gor p\u00e5 ett bra s\u00e4tt. Lika viktigt \u00e4r det att kunna f\u00e5 fram sitt k\u00e4rnbudskap, ha en r\u00f6d tr\u00e5d och framf\u00f6r allt ett lugnt, professionellt och s\u00e4kert framf\u00f6rande. Det tr\u00e4nar vi p\u00e5 i den h\u00e4r kursen.<\/p>\n<p><strong>Kurs II: Pedagogik och metodik, Train The Trainer<\/strong><br \/>\nKurs II fokuserar p\u00e5 hur man som projektledare f\u00f6rklarar f\u00f6retagsnytta eller verksamhetsnytta p\u00e5 ett pedagogiskt s\u00e4tt f\u00f6r beslutsfattare och andra stakeholders som inte \u00e4r tekniskt insatta eller har detaljkunskaper. Det kan ocks\u00e5 g\u00e4lla att effektivt kunna s\u00e4tta in projektmedlemmar i bilden, f\u00f6rklara teknik, kravspec eller slutanv\u00e4ndarkrav, eller snabbt f\u00e5 nya projektmedlemmar p\u00e5 banan. Kursen ger grunderna inom pedagogik, metodik och ger en mycket god grund att st\u00e5 p\u00e5 n\u00e4r man ska f\u00f6rklara och utbilda, &#8220;on the job-training&#8221;\u00a0 vid arbetsplatsen likav\u00e4l som i st\u00f6rre forum.<\/p>\n<p><strong>Kurs III:\u00a0<\/strong><strong>F\u00f6rhandlingsteknik<\/strong><br \/>\nI den h\u00e4r kursen fokuserar vi p\u00e5 f\u00f6rhandlingsteknik, att driva beslutsm\u00f6ten och komma till resultat. Det kan g\u00e4lla en budgetf\u00f6rhandling, prioritering av resurser, tidplan, funktionalitet eller till\u00e4gg. Deltagarna kommer att f\u00e5 verktyg och tr\u00e4ning f\u00f6r att \u00f6ka sin skicklighet och m\u00e5lmedvetenhet n\u00e4r det g\u00e4ller att driva beslutsm\u00f6ten och f\u00f6rhandla. Man kommer att f\u00e5 en metod f\u00f6r att att planera och genomf\u00f6ra sina m\u00f6ten, \u00e4ga agendan och s\u00e4tta scenen. Varje f\u00f6rhandling projektledaren genomf\u00f6r, ansikte mot ansikte, p\u00e5 telefon eller via mail, s\u00e4tter ramarna och f\u00f6ruts\u00e4ttningarna f\u00f6r projektets slutleverans. Om man som projektledare har en genomt\u00e4nkt strategi och kan l\u00e4sa situationen och motparten kommer man garanterat att \u00f6ka sina m\u00f6jligheter att landa projektet d\u00e4r det var t\u00e4nkt.<\/p>\n<p><strong>Steg IV: P\u00e5byggnadskurs i F\u00f6rhandlingsteknik<\/strong><br \/>\nI p\u00e5byggnadskursen i F\u00f6rhandlingsteknik kommer deltagarna att tr\u00e4na sig att hantera sv\u00e5rare situationer, att f\u00f6rhandla i underl\u00e4ge eller under press. Det kan g\u00e4lla en of\u00f6rutsedd incident d\u00e4r det handlar om att begr\u00e4nsa skadeverkningar, undvika skadest\u00e5nd eller tappa resurser. Det kan ocks\u00e5 g\u00e4lla en kritisk fr\u00e5ga i styrgruppen, ett viktigt kund-case eller ett of\u00f6rutsett driftavbrott efter leverans. Deltagarna kommer att se vilka starka sidor de har som f\u00f6rhandlare, vilken som \u00e4r den egna prim\u00e4ra f\u00f6rhandlarstilen och vad man har f\u00f6r svaga sidor som f\u00f6rhandlare. Man kommer ocks\u00e5 att tr\u00e4na sig att uppt\u00e4cka och hantera vanliga fallgropar.<\/p>\n<p><strong>Steg V: Personlig SWOT; praktisk psykologi och sj\u00e4lvk\u00e4nnedom<\/strong><br \/>\nFokus i Personlig SWOT (strengths \u2013 weaknesses \u2013 opportunities \u2013 threats) \u00e4r praktisk psykologi p\u00e5 ett individplan, att f\u00f6rst\u00e5 drivkrafter, motivatorer och hinder b\u00e5de hos sig sj\u00e4lv och hos andra. Som projektledare m\u00e5ste man kunna bygga goda relationer b\u00e5de inom sitt projekt och med \u00f6vriga organisationen, kunder och styrgrupp. Det \u00e4r viktigt att kunna hantera olika slags personligheter, beh\u00e5lla sitt lugn och inte bli provocerad, \u00e4ven n\u00e4r det uppst\u00e5r intressekonflikter. Med den h\u00e4r kursen i ryggen kommer man att f\u00f6rst\u00e5 andra m\u00e4nniskor och sig sj\u00e4lv p\u00e5 ett djupare plan, och d\u00e4rmed kunna \u00f6verbrygga hinder och undvika on\u00f6diga konflikter. Det h\u00e4r \u00e4r som en upplevelsebaserad UGL-kurs p\u00e5 individniv\u00e5.<\/p>\n<p><strong>Kurs VI: Internationell kundkommunikation<\/strong><br \/>\nI den h\u00e4r delkursen f\u00e5r deltagarna l\u00e4ra sig hur man bygger goda kundrelationer p\u00e5 en internationell arena. Vi g\u00e5r igenom \u201cbusiness code\u201d och &#8220;social code&#8221; i olika l\u00e4nder, vad man b\u00f6r undvika och vad som r\u00e4knas som god ton. Vi g\u00e5r igenom hur man jobbar med andra kulturer och hur de internationella spelreglerna ser ut. Man f\u00e5r tr\u00e4na sig att genomf\u00f6ra m\u00f6ten p\u00e5 engelska, p\u00e5 en internationell arena, och anpassa sin kommunikationsstil n\u00e4r m\u00f6ter kunder, projektdeltagare och underkonsulter fr\u00e5n andra kulturer. Kursen genomf\u00f6rs p\u00e5 engelska av en erfaren internationell kursledare.<\/p>\n","protected":false},"excerpt":{"rendered":"Projektledarutbildningen utg\u00f6r ett program best\u00e5ende av valfritt antal delkurser (svensk eller internationell inriktning), som riktar sig till projektledare. Man kan jobba internt mot sin organisation eller externt mot kund. Fokus ligger p\u00e5 projektledarens f\u00f6rm\u00e5ga att f\u00f6rhandla, driva m\u00f6ten, motivera och presentera r\u00e4tt information f\u00f6r r\u00e4tt person vid r\u00e4tt tidpunkt.\u00a0\u00a0Det kan vara stakeholders, styrgrupp, best\u00e4llare eller [&hellip;]","protected":false},"author":4,"featured_media":2079,"parent":0,"menu_order":0,"comment_status":"closed","ping_status":"closed","template":"template-program.php","meta":{"_acf_changed":false,"inline_featured_image":false,"_glsr_average":0,"_glsr_ranking":0,"_glsr_reviews":0,"footnotes":""},"class_list":["post-684","page","type-page","status-publish","has-post-thumbnail","hentry"],"translation":{"provider":"WPGlobus","version":"3.0.2","language":"en","enabled_languages":["sv","en"],"languages":{"sv":{"title":true,"content":true,"excerpt":false},"en":{"title":false,"content":false,"excerpt":false}}},"acf":[],"yoast_head":"<!-- This site is optimized with the Yoast SEO plugin v27.2 - https:\/\/yoast.com\/product\/yoast-seo-wordpress\/ -->\n<title>Projektledarutbildning | Kurs i Stockholm - Cognosis<\/title>\n<meta name=\"robots\" content=\"index, follow, max-snippet:-1, max-image-preview:large, max-video-preview:-1\" \/>\n<link rel=\"canonical\" href=\"https:\/\/cognosis.se\/projektledarprogrammet\/\" \/>\n<meta property=\"og:locale\" content=\"en_US\" \/>\n<meta property=\"og:type\" content=\"article\" \/>\n<meta property=\"og:title\" content=\"F\u00f6retagsanpassad Projektledarutbildning - Cognosis\" \/>\n<meta property=\"og:url\" content=\"https:\/\/cognosis.se\/projektledarprogrammet\/\" \/>\n<meta property=\"og:site_name\" content=\"Cognosis\" \/>\n<meta property=\"article:modified_time\" content=\"2020-01-29T13:09:47+00:00\" \/>\n<meta property=\"og:image\" content=\"https:\/\/cognosis.se\/wp-content\/uploads\/2016\/02\/PROJ_216576418.jpg\" \/>\n\t<meta property=\"og:image:width\" content=\"1800\" \/>\n\t<meta property=\"og:image:height\" content=\"400\" \/>\n\t<meta property=\"og:image:type\" content=\"image\/jpeg\" \/>\n<meta name=\"twitter:card\" content=\"summary_large_image\" \/>\n<meta name=\"twitter:label1\" content=\"Est. reading time\" \/>\n\t<meta name=\"twitter:data1\" content=\"6 minutes\" \/>\n<script type=\"application\/ld+json\" class=\"yoast-schema-graph\">{\"@context\":\"https:\/\/schema.org\",\"@graph\":[{\"@type\":\"WebPage\",\"@id\":\"https:\/\/cognosis.se\/projektledarprogrammet\/\",\"url\":\"https:\/\/cognosis.se\/projektledarprogrammet\/\",\"name\":\"Projektledarutbildning | Kurs i Stockholm - Cognosis\",\"isPartOf\":{\"@id\":\"https:\/\/cognosis.se\/#website\"},\"primaryImageOfPage\":{\"@id\":\"https:\/\/cognosis.se\/projektledarprogrammet\/#primaryimage\"},\"image\":{\"@id\":\"https:\/\/cognosis.se\/projektledarprogrammet\/#primaryimage\"},\"thumbnailUrl\":\"https:\/\/cognosis.se\/wp-content\/uploads\/2016\/02\/PROJ_216576418.jpg\",\"datePublished\":\"2016-02-22T12:27:44+00:00\",\"dateModified\":\"2020-01-29T13:09:47+00:00\",\"description\":\"Projektledarutbildningen utg\u00f6r ett program best\u00e5ende av valfritt antal delkurser (svensk eller internationell inriktning), som riktar sig till\",\"breadcrumb\":{\"@id\":\"https:\/\/cognosis.se\/projektledarprogrammet\/#breadcrumb\"},\"inLanguage\":\"en-US\",\"potentialAction\":[{\"@type\":\"ReadAction\",\"target\":[\"https:\/\/cognosis.se\/projektledarprogrammet\/\"]}]},{\"@type\":\"ImageObject\",\"inLanguage\":\"en-US\",\"@id\":\"https:\/\/cognosis.se\/projektledarprogrammet\/#primaryimage\",\"url\":\"https:\/\/cognosis.se\/wp-content\/uploads\/2016\/02\/PROJ_216576418.jpg\",\"contentUrl\":\"https:\/\/cognosis.se\/wp-content\/uploads\/2016\/02\/PROJ_216576418.jpg\",\"width\":1800,\"height\":400,\"caption\":\"Projektledarutbildning\"},{\"@type\":\"BreadcrumbList\",\"@id\":\"https:\/\/cognosis.se\/projektledarprogrammet\/#breadcrumb\",\"itemListElement\":[{\"@type\":\"ListItem\",\"position\":1,\"name\":\"Hem\",\"item\":\"https:\/\/cognosis.se\/\"},{\"@type\":\"ListItem\",\"position\":2,\"name\":\"F\u00f6retagsanpassad Projektledarutbildning\"}]},{\"@type\":\"WebSite\",\"@id\":\"https:\/\/cognosis.se\/#website\",\"url\":\"https:\/\/cognosis.se\/\",\"name\":\"Cognosis\",\"description\":\"Communication skills training\",\"publisher\":{\"@id\":\"https:\/\/cognosis.se\/#organization\"},\"potentialAction\":[{\"@type\":\"SearchAction\",\"target\":{\"@type\":\"EntryPoint\",\"urlTemplate\":\"https:\/\/cognosis.se\/?s={search_term_string}\"},\"query-input\":{\"@type\":\"PropertyValueSpecification\",\"valueRequired\":true,\"valueName\":\"search_term_string\"}}],\"inLanguage\":\"en-US\"},{\"@type\":\"Organization\",\"@id\":\"https:\/\/cognosis.se\/#organization\",\"name\":\"Cognosis AB\",\"url\":\"https:\/\/cognosis.se\/\",\"logo\":{\"@type\":\"ImageObject\",\"inLanguage\":\"en-US\",\"@id\":\"https:\/\/cognosis.se\/#\/schema\/logo\/image\/\",\"url\":\"https:\/\/cognosis.se\/wp-content\/uploads\/2016\/01\/Cognosis-vertikal-logo-blaa-sidfot.png\",\"contentUrl\":\"https:\/\/cognosis.se\/wp-content\/uploads\/2016\/01\/Cognosis-vertikal-logo-blaa-sidfot.png\",\"width\":149,\"height\":33,\"caption\":\"Cognosis AB\"},\"image\":{\"@id\":\"https:\/\/cognosis.se\/#\/schema\/logo\/image\/\"}}]}<\/script>\n<!-- \/ Yoast SEO plugin. -->","yoast_head_json":{"title":"Projektledarutbildning | Kurs i Stockholm - Cognosis","robots":{"index":"index","follow":"follow","max-snippet":"max-snippet:-1","max-image-preview":"max-image-preview:large","max-video-preview":"max-video-preview:-1"},"canonical":"https:\/\/cognosis.se\/projektledarprogrammet\/","og_locale":"en_US","og_type":"article","og_title":"F\u00f6retagsanpassad Projektledarutbildning - Cognosis","og_url":"https:\/\/cognosis.se\/projektledarprogrammet\/","og_site_name":"Cognosis","article_modified_time":"2020-01-29T13:09:47+00:00","og_image":[{"width":1800,"height":400,"url":"https:\/\/cognosis.se\/wp-content\/uploads\/2016\/02\/PROJ_216576418.jpg","type":"image\/jpeg"}],"twitter_card":"summary_large_image","twitter_misc":{"Est. reading time":"6 minutes"},"schema":{"@context":"https:\/\/schema.org","@graph":[{"@type":"WebPage","@id":"https:\/\/cognosis.se\/projektledarprogrammet\/","url":"https:\/\/cognosis.se\/projektledarprogrammet\/","name":"Projektledarutbildning | Kurs i Stockholm - Cognosis","isPartOf":{"@id":"https:\/\/cognosis.se\/#website"},"primaryImageOfPage":{"@id":"https:\/\/cognosis.se\/projektledarprogrammet\/#primaryimage"},"image":{"@id":"https:\/\/cognosis.se\/projektledarprogrammet\/#primaryimage"},"thumbnailUrl":"https:\/\/cognosis.se\/wp-content\/uploads\/2016\/02\/PROJ_216576418.jpg","datePublished":"2016-02-22T12:27:44+00:00","dateModified":"2020-01-29T13:09:47+00:00","description":"Projektledarutbildningen utg\u00f6r ett program best\u00e5ende av valfritt antal delkurser (svensk eller internationell inriktning), som riktar sig till","breadcrumb":{"@id":"https:\/\/cognosis.se\/projektledarprogrammet\/#breadcrumb"},"inLanguage":"en-US","potentialAction":[{"@type":"ReadAction","target":["https:\/\/cognosis.se\/projektledarprogrammet\/"]}]},{"@type":"ImageObject","inLanguage":"en-US","@id":"https:\/\/cognosis.se\/projektledarprogrammet\/#primaryimage","url":"https:\/\/cognosis.se\/wp-content\/uploads\/2016\/02\/PROJ_216576418.jpg","contentUrl":"https:\/\/cognosis.se\/wp-content\/uploads\/2016\/02\/PROJ_216576418.jpg","width":1800,"height":400,"caption":"Projektledarutbildning"},{"@type":"BreadcrumbList","@id":"https:\/\/cognosis.se\/projektledarprogrammet\/#breadcrumb","itemListElement":[{"@type":"ListItem","position":1,"name":"Hem","item":"https:\/\/cognosis.se\/"},{"@type":"ListItem","position":2,"name":"F\u00f6retagsanpassad Projektledarutbildning"}]},{"@type":"WebSite","@id":"https:\/\/cognosis.se\/#website","url":"https:\/\/cognosis.se\/","name":"Cognosis","description":"Communication skills training","publisher":{"@id":"https:\/\/cognosis.se\/#organization"},"potentialAction":[{"@type":"SearchAction","target":{"@type":"EntryPoint","urlTemplate":"https:\/\/cognosis.se\/?s={search_term_string}"},"query-input":{"@type":"PropertyValueSpecification","valueRequired":true,"valueName":"search_term_string"}}],"inLanguage":"en-US"},{"@type":"Organization","@id":"https:\/\/cognosis.se\/#organization","name":"Cognosis AB","url":"https:\/\/cognosis.se\/","logo":{"@type":"ImageObject","inLanguage":"en-US","@id":"https:\/\/cognosis.se\/#\/schema\/logo\/image\/","url":"https:\/\/cognosis.se\/wp-content\/uploads\/2016\/01\/Cognosis-vertikal-logo-blaa-sidfot.png","contentUrl":"https:\/\/cognosis.se\/wp-content\/uploads\/2016\/01\/Cognosis-vertikal-logo-blaa-sidfot.png","width":149,"height":33,"caption":"Cognosis AB"},"image":{"@id":"https:\/\/cognosis.se\/#\/schema\/logo\/image\/"}}]}},"_links":{"self":[{"href":"https:\/\/cognosis.se\/en\/wp-json\/wp\/v2\/pages\/684","targetHints":{"allow":["GET"]}}],"collection":[{"href":"https:\/\/cognosis.se\/en\/wp-json\/wp\/v2\/pages"}],"about":[{"href":"https:\/\/cognosis.se\/en\/wp-json\/wp\/v2\/types\/page"}],"author":[{"embeddable":true,"href":"https:\/\/cognosis.se\/en\/wp-json\/wp\/v2\/users\/4"}],"replies":[{"embeddable":true,"href":"https:\/\/cognosis.se\/en\/wp-json\/wp\/v2\/comments?post=684"}],"version-history":[{"count":5,"href":"https:\/\/cognosis.se\/en\/wp-json\/wp\/v2\/pages\/684\/revisions"}],"predecessor-version":[{"id":4381,"href":"https:\/\/cognosis.se\/en\/wp-json\/wp\/v2\/pages\/684\/revisions\/4381"}],"wp:featuredmedia":[{"embeddable":true,"href":"https:\/\/cognosis.se\/en\/wp-json\/wp\/v2\/media\/2079"}],"wp:attachment":[{"href":"https:\/\/cognosis.se\/en\/wp-json\/wp\/v2\/media?parent=684"}],"curies":[{"name":"wp","href":"https:\/\/api.w.org\/{rel}","templated":true}]}}